{"id":29918,"date":"2024-11-21T09:30:40","date_gmt":"2024-11-21T08:30:40","guid":{"rendered":"https:\/\/hash-gang.com\/shop\/non class\u00e9\/red-lebanese\/"},"modified":"2024-11-21T09:30:40","modified_gmt":"2024-11-21T08:30:40","slug":"red-lebanese","status":"publish","type":"product","link":"https:\/\/hash-gang.com\/fr\/shop\/non-classifiee\/red-lebanese\/","title":{"rendered":"Red Lebanese"},"content":{"rendered":"<p>Entrez dans le monde du haschisch CBD de premi\u00e8re qualit\u00e9 avec <strong>Red Lebanese<\/strong>, une pierre angulaire de la collection Hash Gang. Connu pour sa teinte rouge vibrante et son ar\u00f4me incomparable, ce hasch est con\u00e7u pour les connaisseurs qui appr\u00e9cient l&#8217;authenticit\u00e9. Avec une teneur en CBD inf\u00e9rieure \u00e0 40 % et un taux de THC inf\u00e9rieur \u00e0 1 %, la Red Lebanese offre un profil parfaitement \u00e9quilibr\u00e9, doux \u00e0 fumer et riche en traditions.<\/p>\n<p>Notre format de 4,2 g vous garantit une quantit\u00e9 suffisante pour savourer les saveurs et les textures classiques de ce hash l\u00e9gendaire. Que vous soyez un amateur chevronn\u00e9 ou un novice, le Red Lebanese vous offre une exp\u00e9rience \u00e0 la fois audacieuse et raffin\u00e9e. Parce que chez Hash Gang, nous tenons \u00e0 ce que les choses soient vraies et que la qualit\u00e9 soit toujours au rendez-vous.<\/p>\n<p>In Hash We Trust.<\/p>\n","protected":false},"excerpt":{"rendered":"<p>D\u00e9couvrez l&#8217;embl\u00e9matique Red Lebanese hash \u00e0 la texture riche et onctueuse et \u00e0 la teneur en CBD de &lt;40%. Parfaite pour ceux qui appr\u00e9cient la qualit\u00e9 et la tradition, cette pi\u00e8ce de la collection Hash Gang offre une exp\u00e9rience profonde et satisfaisante. In Hash We Trust.<\/p>\n","protected":false},"featured_media":29580,"comment_status":"open","ping_status":"closed","template":"","meta":{"_monsterinsights_skip_tracking":false,"_monsterinsights_sitenote_active":false,"_monsterinsights_sitenote_note":"","_monsterinsights_sitenote_category":0},"product_brand":[],"product_cat":[73],"product_tag":[],"class_list":{"0":"post-29918","1":"product","2":"type-product","3":"status-publish","4":"has-post-thumbnail","6":"product_cat-non-classifiee","8":"first","9":"instock","10":"taxable","11":"shipping-taxable","12":"purchasable","13":"product-type-simple"},"yoast_head":"<!-- This site is optimized with the Yoast SEO plugin v27.0 - https:\/\/yoast.com\/product\/yoast-seo-wordpress\/ -->\n<title>Red Lebanese | Hash Gang | Shop Now<\/title>\n<meta name=\"description\" content=\"D\u00e9couvrez l&#039;embl\u00e9matique hash CBD libanais rouge de Hash Gang. Qualit\u00e9 sup\u00e9rieure, &lt;40% CBD, THC &lt;1%, et une douceur in\u00e9gal\u00e9e. La tradition rencontre l&#039;excellence.\" \/>\n<meta name=\"robots\" content=\"index, follow, max-snippet:-1, max-image-preview:large, max-video-preview:-1\" \/>\n<link rel=\"canonical\" href=\"https:\/\/hash-gang.com\/fr\/shop\/non-classifiee\/red-lebanese\/\" \/>\n<meta property=\"og:locale\" content=\"fr_FR\" \/>\n<meta property=\"og:type\" content=\"article\" \/>\n<meta property=\"og:title\" content=\"Red Lebanese | Hash Gang | Shop Now\" \/>\n<meta property=\"og:description\" content=\"D\u00e9couvrez l&#039;embl\u00e9matique hash CBD libanais rouge de Hash Gang. Qualit\u00e9 sup\u00e9rieure, &lt;40% CBD, THC &lt;1%, et une douceur in\u00e9gal\u00e9e. La tradition rencontre l&#039;excellence.\" \/>\n<meta property=\"og:url\" content=\"https:\/\/hash-gang.com\/fr\/shop\/non-classifiee\/red-lebanese\/\" \/>\n<meta property=\"og:site_name\" content=\"Hash Gang\" \/>\n<meta property=\"og:image\" content=\"https:\/\/hash-gang.com\/wp-content\/uploads\/Hash-Gang_Red-Lebanese_03.jpg\" \/>\n\t<meta property=\"og:image:width\" content=\"2000\" \/>\n\t<meta property=\"og:image:height\" content=\"2000\" \/>\n\t<meta property=\"og:image:type\" content=\"image\/jpeg\" \/>\n<meta name=\"twitter:card\" content=\"summary_large_image\" \/>\n<script type=\"application\/ld+json\" class=\"yoast-schema-graph\">{\"@context\":\"https:\/\/schema.org\",\"@graph\":[{\"@type\":\"WebPage\",\"@id\":\"https:\/\/hash-gang.com\/fr\/shop\/non-classifiee\/red-lebanese\/\",\"url\":\"https:\/\/hash-gang.com\/fr\/shop\/non-classifiee\/red-lebanese\/\",\"name\":\"Red Lebanese | Hash Gang | Shop Now\",\"isPartOf\":{\"@id\":\"https:\/\/hash-gang.com\/fr\/#website\"},\"primaryImageOfPage\":{\"@id\":\"https:\/\/hash-gang.com\/fr\/shop\/non-classifiee\/red-lebanese\/#primaryimage\"},\"image\":{\"@id\":\"https:\/\/hash-gang.com\/fr\/shop\/non-classifiee\/red-lebanese\/#primaryimage\"},\"thumbnailUrl\":\"https:\/\/hash-gang.com\/wp-content\/uploads\/Hash-Gang_Red-Lebanese_03.jpg\",\"datePublished\":\"2024-11-21T08:30:40+00:00\",\"description\":\"D\u00e9couvrez l'embl\u00e9matique hash CBD libanais rouge de Hash Gang. Qualit\u00e9 sup\u00e9rieure, &lt;40% CBD, THC &lt;1%, et une douceur in\u00e9gal\u00e9e. La tradition rencontre l&#039;excellence.\",\"breadcrumb\":{\"@id\":\"https:\/\/hash-gang.com\/fr\/shop\/non-classifiee\/red-lebanese\/#breadcrumb\"},\"inLanguage\":\"fr-FR\",\"potentialAction\":[{\"@type\":\"ReadAction\",\"target\":[\"https:\/\/hash-gang.com\/fr\/shop\/non-classifiee\/red-lebanese\/\"]}]},{\"@type\":\"ImageObject\",\"inLanguage\":\"fr-FR\",\"@id\":\"https:\/\/hash-gang.com\/fr\/shop\/non-classifiee\/red-lebanese\/#primaryimage\",\"url\":\"https:\/\/hash-gang.com\/wp-content\/uploads\/Hash-Gang_Red-Lebanese_03.jpg\",\"contentUrl\":\"https:\/\/hash-gang.com\/wp-content\/uploads\/Hash-Gang_Red-Lebanese_03.jpg\",\"width\":2000,\"height\":2000,\"caption\":\"A close-up of Red Lebanese CBD hash: a rich, reddish-brown block with a smooth texture, surrounded by a subtle smoky backdrop that highlights its premium quality and iconic heritage.\"},{\"@type\":\"BreadcrumbList\",\"@id\":\"https:\/\/hash-gang.com\/fr\/shop\/non-classifiee\/red-lebanese\/#breadcrumb\",\"itemListElement\":[{\"@type\":\"ListItem\",\"position\":1,\"name\":\"Home\",\"item\":\"https:\/\/hash-gang.com\/fr\/\"},{\"@type\":\"ListItem\",\"position\":2,\"name\":\"Boutique\",\"item\":\"https:\/\/hash-gang.com\/fr\/boutique\/\"},{\"@type\":\"ListItem\",\"position\":3,\"name\":\"Red Lebanese\"}]},{\"@type\":\"WebSite\",\"@id\":\"https:\/\/hash-gang.com\/fr\/#website\",\"url\":\"https:\/\/hash-gang.com\/fr\/\",\"name\":\"Hash Gang\",\"description\":\"In Hash We Trust\",\"publisher\":{\"@id\":\"https:\/\/hash-gang.com\/fr\/#organization\"},\"potentialAction\":[{\"@type\":\"SearchAction\",\"target\":{\"@type\":\"EntryPoint\",\"urlTemplate\":\"https:\/\/hash-gang.com\/fr\/?s={search_term_string}\"},\"query-input\":{\"@type\":\"PropertyValueSpecification\",\"valueRequired\":true,\"valueName\":\"search_term_string\"}}],\"inLanguage\":\"fr-FR\"},{\"@type\":\"Organization\",\"@id\":\"https:\/\/hash-gang.com\/fr\/#organization\",\"name\":\"Hash Gang\",\"url\":\"https:\/\/hash-gang.com\/fr\/\",\"logo\":{\"@type\":\"ImageObject\",\"inLanguage\":\"fr-FR\",\"@id\":\"https:\/\/hash-gang.com\/fr\/#\/schema\/logo\/image\/\",\"url\":\"http:\/\/hash-gang.com\/wp-content\/uploads\/hg-logo-b.png\",\"contentUrl\":\"http:\/\/hash-gang.com\/wp-content\/uploads\/hg-logo-b.png\",\"width\":424,\"height\":332,\"caption\":\"Hash Gang\"},\"image\":{\"@id\":\"https:\/\/hash-gang.com\/fr\/#\/schema\/logo\/image\/\"}}]}<\/script>\n<!-- \/ Yoast SEO plugin. -->","yoast_head_json":{"title":"Red Lebanese | Hash Gang | Shop Now","description":"D\u00e9couvrez l'embl\u00e9matique hash CBD libanais rouge de Hash Gang. Qualit\u00e9 sup\u00e9rieure, &lt;40% CBD, THC &lt;1%, et une douceur in\u00e9gal\u00e9e. La tradition rencontre l&#039;excellence.","robots":{"index":"index","follow":"follow","max-snippet":"max-snippet:-1","max-image-preview":"max-image-preview:large","max-video-preview":"max-video-preview:-1"},"canonical":"https:\/\/hash-gang.com\/fr\/shop\/non-classifiee\/red-lebanese\/","og_locale":"fr_FR","og_type":"article","og_title":"Red Lebanese | Hash Gang | Shop Now","og_description":"D\u00e9couvrez l'embl\u00e9matique hash CBD libanais rouge de Hash Gang. Qualit\u00e9 sup\u00e9rieure, &lt;40% CBD, THC &lt;1%, et une douceur in\u00e9gal\u00e9e. La tradition rencontre l&#039;excellence.","og_url":"https:\/\/hash-gang.com\/fr\/shop\/non-classifiee\/red-lebanese\/","og_site_name":"Hash Gang","og_image":[{"width":2000,"height":2000,"url":"https:\/\/hash-gang.com\/wp-content\/uploads\/Hash-Gang_Red-Lebanese_03.jpg","type":"image\/jpeg"}],"twitter_card":"summary_large_image","schema":{"@context":"https:\/\/schema.org","@graph":[{"@type":"WebPage","@id":"https:\/\/hash-gang.com\/fr\/shop\/non-classifiee\/red-lebanese\/","url":"https:\/\/hash-gang.com\/fr\/shop\/non-classifiee\/red-lebanese\/","name":"Red Lebanese | Hash Gang | Shop Now","isPartOf":{"@id":"https:\/\/hash-gang.com\/fr\/#website"},"primaryImageOfPage":{"@id":"https:\/\/hash-gang.com\/fr\/shop\/non-classifiee\/red-lebanese\/#primaryimage"},"image":{"@id":"https:\/\/hash-gang.com\/fr\/shop\/non-classifiee\/red-lebanese\/#primaryimage"},"thumbnailUrl":"https:\/\/hash-gang.com\/wp-content\/uploads\/Hash-Gang_Red-Lebanese_03.jpg","datePublished":"2024-11-21T08:30:40+00:00","description":"D\u00e9couvrez l'embl\u00e9matique hash CBD libanais rouge de Hash Gang. Qualit\u00e9 sup\u00e9rieure, &lt;40% CBD, THC &lt;1%, et une douceur in\u00e9gal\u00e9e. La tradition rencontre l&#039;excellence.","breadcrumb":{"@id":"https:\/\/hash-gang.com\/fr\/shop\/non-classifiee\/red-lebanese\/#breadcrumb"},"inLanguage":"fr-FR","potentialAction":[{"@type":"ReadAction","target":["https:\/\/hash-gang.com\/fr\/shop\/non-classifiee\/red-lebanese\/"]}]},{"@type":"ImageObject","inLanguage":"fr-FR","@id":"https:\/\/hash-gang.com\/fr\/shop\/non-classifiee\/red-lebanese\/#primaryimage","url":"https:\/\/hash-gang.com\/wp-content\/uploads\/Hash-Gang_Red-Lebanese_03.jpg","contentUrl":"https:\/\/hash-gang.com\/wp-content\/uploads\/Hash-Gang_Red-Lebanese_03.jpg","width":2000,"height":2000,"caption":"A close-up of Red Lebanese CBD hash: a rich, reddish-brown block with a smooth texture, surrounded by a subtle smoky backdrop that highlights its premium quality and iconic heritage."},{"@type":"BreadcrumbList","@id":"https:\/\/hash-gang.com\/fr\/shop\/non-classifiee\/red-lebanese\/#breadcrumb","itemListElement":[{"@type":"ListItem","position":1,"name":"Home","item":"https:\/\/hash-gang.com\/fr\/"},{"@type":"ListItem","position":2,"name":"Boutique","item":"https:\/\/hash-gang.com\/fr\/boutique\/"},{"@type":"ListItem","position":3,"name":"Red Lebanese"}]},{"@type":"WebSite","@id":"https:\/\/hash-gang.com\/fr\/#website","url":"https:\/\/hash-gang.com\/fr\/","name":"Hash Gang","description":"In Hash We Trust","publisher":{"@id":"https:\/\/hash-gang.com\/fr\/#organization"},"potentialAction":[{"@type":"SearchAction","target":{"@type":"EntryPoint","urlTemplate":"https:\/\/hash-gang.com\/fr\/?s={search_term_string}"},"query-input":{"@type":"PropertyValueSpecification","valueRequired":true,"valueName":"search_term_string"}}],"inLanguage":"fr-FR"},{"@type":"Organization","@id":"https:\/\/hash-gang.com\/fr\/#organization","name":"Hash Gang","url":"https:\/\/hash-gang.com\/fr\/","logo":{"@type":"ImageObject","inLanguage":"fr-FR","@id":"https:\/\/hash-gang.com\/fr\/#\/schema\/logo\/image\/","url":"http:\/\/hash-gang.com\/wp-content\/uploads\/hg-logo-b.png","contentUrl":"http:\/\/hash-gang.com\/wp-content\/uploads\/hg-logo-b.png","width":424,"height":332,"caption":"Hash Gang"},"image":{"@id":"https:\/\/hash-gang.com\/fr\/#\/schema\/logo\/image\/"}}]}},"_links":{"self":[{"href":"https:\/\/hash-gang.com\/fr\/wp-json\/wp\/v2\/product\/29918","targetHints":{"allow":["GET"]}}],"collection":[{"href":"https:\/\/hash-gang.com\/fr\/wp-json\/wp\/v2\/product"}],"about":[{"href":"https:\/\/hash-gang.com\/fr\/wp-json\/wp\/v2\/types\/product"}],"replies":[{"embeddable":true,"href":"https:\/\/hash-gang.com\/fr\/wp-json\/wp\/v2\/comments?post=29918"}],"wp:featuredmedia":[{"embeddable":true,"href":"https:\/\/hash-gang.com\/fr\/wp-json\/wp\/v2\/media\/29580"}],"wp:attachment":[{"href":"https:\/\/hash-gang.com\/fr\/wp-json\/wp\/v2\/media?parent=29918"}],"wp:term":[{"taxonomy":"product_brand","embeddable":true,"href":"https:\/\/hash-gang.com\/fr\/wp-json\/wp\/v2\/product_brand?post=29918"},{"taxonomy":"product_cat","embeddable":true,"href":"https:\/\/hash-gang.com\/fr\/wp-json\/wp\/v2\/product_cat?post=29918"},{"taxonomy":"product_tag","embeddable":true,"href":"https:\/\/hash-gang.com\/fr\/wp-json\/wp\/v2\/product_tag?post=29918"}],"curies":[{"name":"wp","href":"https:\/\/api.w.org\/{rel}","templated":true}]}}