{"id":29915,"date":"2024-11-21T09:41:40","date_gmt":"2024-11-21T08:41:40","guid":{"rendered":"https:\/\/hash-gang.com\/shop\/non class\u00e9\/bubble-hash\/"},"modified":"2024-11-21T09:41:40","modified_gmt":"2024-11-21T08:41:40","slug":"bubble-hash","status":"publish","type":"product","link":"https:\/\/hash-gang.com\/fr\/shop\/non-classifiee\/bubble-hash\/","title":{"rendered":"Bubble Hash"},"content":{"rendered":"<p><strong>Bubble Hash &#8211; un<\/strong>v\u00e9ritable chef-d&#8217;\u0153uvre de la collection Hash Gang. R\u00e9put\u00e9 pour sa douceur et sa puissance, ce hasch est soigneusement \u00e9labor\u00e9 pour offrir une exp\u00e9rience de fumage sans pr\u00e9c\u00e9dent. Avec un taux de CBD inf\u00e9rieur \u00e0 40 % et un taux de THC limit\u00e9 \u00e0 1 %, Bubble Hash est le parfait \u00e9quilibre pour ceux qui appr\u00e9cient la qualit\u00e9 et l&#8217;authenticit\u00e9.<\/p>\n<p>Sa texture riche et p\u00e9tillante et son go\u00fbt cors\u00e9 rendent chaque s\u00e9ance inoubliable. Le paquet de 4,2 g vous permet de profiter pleinement, que vous vous d\u00e9tendiez en solo ou que vous partagiez avec l&#8217;\u00e9quipage. Chez Hash Gang, nous ne nous contentons pas de fabriquer du hash, nous \u00e9tablissons la norme.  <strong>In Hash We Trust.<\/strong><\/p>\n","protected":false},"excerpt":{"rendered":"<p>Plongez dans le monde doux et riche de Bubble Hash, un joyau de qualit\u00e9 sup\u00e9rieure de Hash Gang. Avec &lt;50% CBD et THC &lt;1%, il est con\u00e7u pour ceux qui n&#8217;exigent rien d&#8217;autre que le meilleur. <strong>In Hash We Trust.<\/strong><\/p>\n","protected":false},"featured_media":29596,"comment_status":"open","ping_status":"closed","template":"","meta":{"_monsterinsights_skip_tracking":false,"_monsterinsights_sitenote_active":false,"_monsterinsights_sitenote_note":"","_monsterinsights_sitenote_category":0},"product_brand":[],"product_cat":[73],"product_tag":[],"class_list":{"0":"post-29915","1":"product","2":"type-product","3":"status-publish","4":"has-post-thumbnail","6":"product_cat-non-classifiee","8":"first","9":"instock","10":"taxable","11":"shipping-taxable","12":"purchasable","13":"product-type-simple"},"yoast_head":"<!-- This site is optimized with the Yoast SEO plugin v27.0 - https:\/\/yoast.com\/product\/yoast-seo-wordpress\/ -->\n<title>Bubble Hash | Hash Gang | Shop Now<\/title>\n<meta name=\"description\" content=\"D\u00e9couvrez Bubble Hash de Hash Gang : un hash CBD de premi\u00e8re qualit\u00e9 avec &lt;40% CBD, THC &lt;1%, et une texture riche et onctueuse. Am\u00e9liorez votre exp\u00e9rience. In Hash We Trust.\" \/>\n<meta name=\"robots\" content=\"index, follow, max-snippet:-1, max-image-preview:large, max-video-preview:-1\" \/>\n<link rel=\"canonical\" href=\"https:\/\/hash-gang.com\/fr\/shop\/non-classifiee\/bubble-hash\/\" \/>\n<meta property=\"og:locale\" content=\"fr_FR\" \/>\n<meta property=\"og:type\" content=\"article\" \/>\n<meta property=\"og:title\" content=\"Bubble Hash | Hash Gang | Shop Now\" \/>\n<meta property=\"og:description\" content=\"D\u00e9couvrez Bubble Hash de Hash Gang : un hash CBD de premi\u00e8re qualit\u00e9 avec &lt;40% CBD, THC &lt;1%, et une texture riche et onctueuse. Am\u00e9liorez votre exp\u00e9rience. In Hash We Trust.\" \/>\n<meta property=\"og:url\" content=\"https:\/\/hash-gang.com\/fr\/shop\/non-classifiee\/bubble-hash\/\" \/>\n<meta property=\"og:site_name\" content=\"Hash Gang\" \/>\n<meta property=\"og:image\" content=\"https:\/\/hash-gang.com\/wp-content\/uploads\/Hash-Gang_Bubble-Hash_03.jpg\" \/>\n\t<meta property=\"og:image:width\" content=\"2000\" \/>\n\t<meta property=\"og:image:height\" content=\"2000\" \/>\n\t<meta property=\"og:image:type\" content=\"image\/jpeg\" \/>\n<meta name=\"twitter:card\" content=\"summary_large_image\" \/>\n<script type=\"application\/ld+json\" class=\"yoast-schema-graph\">{\"@context\":\"https:\/\/schema.org\",\"@graph\":[{\"@type\":\"WebPage\",\"@id\":\"https:\/\/hash-gang.com\/fr\/shop\/non-classifiee\/bubble-hash\/\",\"url\":\"https:\/\/hash-gang.com\/fr\/shop\/non-classifiee\/bubble-hash\/\",\"name\":\"Bubble Hash | Hash Gang | Shop Now\",\"isPartOf\":{\"@id\":\"https:\/\/hash-gang.com\/fr\/#website\"},\"primaryImageOfPage\":{\"@id\":\"https:\/\/hash-gang.com\/fr\/shop\/non-classifiee\/bubble-hash\/#primaryimage\"},\"image\":{\"@id\":\"https:\/\/hash-gang.com\/fr\/shop\/non-classifiee\/bubble-hash\/#primaryimage\"},\"thumbnailUrl\":\"https:\/\/hash-gang.com\/wp-content\/uploads\/Hash-Gang_Bubble-Hash_03.jpg\",\"datePublished\":\"2024-11-21T08:41:40+00:00\",\"description\":\"D\u00e9couvrez Bubble Hash de Hash Gang : un hash CBD de premi\u00e8re qualit\u00e9 avec &lt;40% CBD, THC &lt;1%, et une texture riche et onctueuse. Am\u00e9liorez votre exp\u00e9rience. In Hash We Trust.\",\"breadcrumb\":{\"@id\":\"https:\/\/hash-gang.com\/fr\/shop\/non-classifiee\/bubble-hash\/#breadcrumb\"},\"inLanguage\":\"fr-FR\",\"potentialAction\":[{\"@type\":\"ReadAction\",\"target\":[\"https:\/\/hash-gang.com\/fr\/shop\/non-classifiee\/bubble-hash\/\"]}]},{\"@type\":\"ImageObject\",\"inLanguage\":\"fr-FR\",\"@id\":\"https:\/\/hash-gang.com\/fr\/shop\/non-classifiee\/bubble-hash\/#primaryimage\",\"url\":\"https:\/\/hash-gang.com\/wp-content\/uploads\/Hash-Gang_Bubble-Hash_03.jpg\",\"contentUrl\":\"https:\/\/hash-gang.com\/wp-content\/uploads\/Hash-Gang_Bubble-Hash_03.jpg\",\"width\":2000,\"height\":2000,\"caption\":\"A detailed shot of Bubble Hash: a dense, dark brown block with a crumbly texture, set against a smoky, stylish backdrop that embodies Hash Gang\u2019s premium vibe.\"},{\"@type\":\"BreadcrumbList\",\"@id\":\"https:\/\/hash-gang.com\/fr\/shop\/non-classifiee\/bubble-hash\/#breadcrumb\",\"itemListElement\":[{\"@type\":\"ListItem\",\"position\":1,\"name\":\"Home\",\"item\":\"https:\/\/hash-gang.com\/fr\/\"},{\"@type\":\"ListItem\",\"position\":2,\"name\":\"Boutique\",\"item\":\"https:\/\/hash-gang.com\/fr\/boutique\/\"},{\"@type\":\"ListItem\",\"position\":3,\"name\":\"Bubble Hash\"}]},{\"@type\":\"WebSite\",\"@id\":\"https:\/\/hash-gang.com\/fr\/#website\",\"url\":\"https:\/\/hash-gang.com\/fr\/\",\"name\":\"Hash Gang\",\"description\":\"In Hash We Trust\",\"publisher\":{\"@id\":\"https:\/\/hash-gang.com\/fr\/#organization\"},\"potentialAction\":[{\"@type\":\"SearchAction\",\"target\":{\"@type\":\"EntryPoint\",\"urlTemplate\":\"https:\/\/hash-gang.com\/fr\/?s={search_term_string}\"},\"query-input\":{\"@type\":\"PropertyValueSpecification\",\"valueRequired\":true,\"valueName\":\"search_term_string\"}}],\"inLanguage\":\"fr-FR\"},{\"@type\":\"Organization\",\"@id\":\"https:\/\/hash-gang.com\/fr\/#organization\",\"name\":\"Hash Gang\",\"url\":\"https:\/\/hash-gang.com\/fr\/\",\"logo\":{\"@type\":\"ImageObject\",\"inLanguage\":\"fr-FR\",\"@id\":\"https:\/\/hash-gang.com\/fr\/#\/schema\/logo\/image\/\",\"url\":\"http:\/\/hash-gang.com\/wp-content\/uploads\/hg-logo-b.png\",\"contentUrl\":\"http:\/\/hash-gang.com\/wp-content\/uploads\/hg-logo-b.png\",\"width\":424,\"height\":332,\"caption\":\"Hash Gang\"},\"image\":{\"@id\":\"https:\/\/hash-gang.com\/fr\/#\/schema\/logo\/image\/\"}}]}<\/script>\n<!-- \/ Yoast SEO plugin. -->","yoast_head_json":{"title":"Bubble Hash | Hash Gang | Shop Now","description":"D\u00e9couvrez Bubble Hash de Hash Gang : un hash CBD de premi\u00e8re qualit\u00e9 avec &lt;40% CBD, THC &lt;1%, et une texture riche et onctueuse. Am\u00e9liorez votre exp\u00e9rience. In Hash We Trust.","robots":{"index":"index","follow":"follow","max-snippet":"max-snippet:-1","max-image-preview":"max-image-preview:large","max-video-preview":"max-video-preview:-1"},"canonical":"https:\/\/hash-gang.com\/fr\/shop\/non-classifiee\/bubble-hash\/","og_locale":"fr_FR","og_type":"article","og_title":"Bubble Hash | Hash Gang | Shop Now","og_description":"D\u00e9couvrez Bubble Hash de Hash Gang : un hash CBD de premi\u00e8re qualit\u00e9 avec &lt;40% CBD, THC &lt;1%, et une texture riche et onctueuse. Am\u00e9liorez votre exp\u00e9rience. In Hash We Trust.","og_url":"https:\/\/hash-gang.com\/fr\/shop\/non-classifiee\/bubble-hash\/","og_site_name":"Hash Gang","og_image":[{"width":2000,"height":2000,"url":"https:\/\/hash-gang.com\/wp-content\/uploads\/Hash-Gang_Bubble-Hash_03.jpg","type":"image\/jpeg"}],"twitter_card":"summary_large_image","schema":{"@context":"https:\/\/schema.org","@graph":[{"@type":"WebPage","@id":"https:\/\/hash-gang.com\/fr\/shop\/non-classifiee\/bubble-hash\/","url":"https:\/\/hash-gang.com\/fr\/shop\/non-classifiee\/bubble-hash\/","name":"Bubble Hash | Hash Gang | Shop Now","isPartOf":{"@id":"https:\/\/hash-gang.com\/fr\/#website"},"primaryImageOfPage":{"@id":"https:\/\/hash-gang.com\/fr\/shop\/non-classifiee\/bubble-hash\/#primaryimage"},"image":{"@id":"https:\/\/hash-gang.com\/fr\/shop\/non-classifiee\/bubble-hash\/#primaryimage"},"thumbnailUrl":"https:\/\/hash-gang.com\/wp-content\/uploads\/Hash-Gang_Bubble-Hash_03.jpg","datePublished":"2024-11-21T08:41:40+00:00","description":"D\u00e9couvrez Bubble Hash de Hash Gang : un hash CBD de premi\u00e8re qualit\u00e9 avec &lt;40% CBD, THC &lt;1%, et une texture riche et onctueuse. Am\u00e9liorez votre exp\u00e9rience. In Hash We Trust.","breadcrumb":{"@id":"https:\/\/hash-gang.com\/fr\/shop\/non-classifiee\/bubble-hash\/#breadcrumb"},"inLanguage":"fr-FR","potentialAction":[{"@type":"ReadAction","target":["https:\/\/hash-gang.com\/fr\/shop\/non-classifiee\/bubble-hash\/"]}]},{"@type":"ImageObject","inLanguage":"fr-FR","@id":"https:\/\/hash-gang.com\/fr\/shop\/non-classifiee\/bubble-hash\/#primaryimage","url":"https:\/\/hash-gang.com\/wp-content\/uploads\/Hash-Gang_Bubble-Hash_03.jpg","contentUrl":"https:\/\/hash-gang.com\/wp-content\/uploads\/Hash-Gang_Bubble-Hash_03.jpg","width":2000,"height":2000,"caption":"A detailed shot of Bubble Hash: a dense, dark brown block with a crumbly texture, set against a smoky, stylish backdrop that embodies Hash Gang\u2019s premium vibe."},{"@type":"BreadcrumbList","@id":"https:\/\/hash-gang.com\/fr\/shop\/non-classifiee\/bubble-hash\/#breadcrumb","itemListElement":[{"@type":"ListItem","position":1,"name":"Home","item":"https:\/\/hash-gang.com\/fr\/"},{"@type":"ListItem","position":2,"name":"Boutique","item":"https:\/\/hash-gang.com\/fr\/boutique\/"},{"@type":"ListItem","position":3,"name":"Bubble Hash"}]},{"@type":"WebSite","@id":"https:\/\/hash-gang.com\/fr\/#website","url":"https:\/\/hash-gang.com\/fr\/","name":"Hash Gang","description":"In Hash We Trust","publisher":{"@id":"https:\/\/hash-gang.com\/fr\/#organization"},"potentialAction":[{"@type":"SearchAction","target":{"@type":"EntryPoint","urlTemplate":"https:\/\/hash-gang.com\/fr\/?s={search_term_string}"},"query-input":{"@type":"PropertyValueSpecification","valueRequired":true,"valueName":"search_term_string"}}],"inLanguage":"fr-FR"},{"@type":"Organization","@id":"https:\/\/hash-gang.com\/fr\/#organization","name":"Hash Gang","url":"https:\/\/hash-gang.com\/fr\/","logo":{"@type":"ImageObject","inLanguage":"fr-FR","@id":"https:\/\/hash-gang.com\/fr\/#\/schema\/logo\/image\/","url":"http:\/\/hash-gang.com\/wp-content\/uploads\/hg-logo-b.png","contentUrl":"http:\/\/hash-gang.com\/wp-content\/uploads\/hg-logo-b.png","width":424,"height":332,"caption":"Hash Gang"},"image":{"@id":"https:\/\/hash-gang.com\/fr\/#\/schema\/logo\/image\/"}}]}},"_links":{"self":[{"href":"https:\/\/hash-gang.com\/fr\/wp-json\/wp\/v2\/product\/29915","targetHints":{"allow":["GET"]}}],"collection":[{"href":"https:\/\/hash-gang.com\/fr\/wp-json\/wp\/v2\/product"}],"about":[{"href":"https:\/\/hash-gang.com\/fr\/wp-json\/wp\/v2\/types\/product"}],"replies":[{"embeddable":true,"href":"https:\/\/hash-gang.com\/fr\/wp-json\/wp\/v2\/comments?post=29915"}],"wp:featuredmedia":[{"embeddable":true,"href":"https:\/\/hash-gang.com\/fr\/wp-json\/wp\/v2\/media\/29596"}],"wp:attachment":[{"href":"https:\/\/hash-gang.com\/fr\/wp-json\/wp\/v2\/media?parent=29915"}],"wp:term":[{"taxonomy":"product_brand","embeddable":true,"href":"https:\/\/hash-gang.com\/fr\/wp-json\/wp\/v2\/product_brand?post=29915"},{"taxonomy":"product_cat","embeddable":true,"href":"https:\/\/hash-gang.com\/fr\/wp-json\/wp\/v2\/product_cat?post=29915"},{"taxonomy":"product_tag","embeddable":true,"href":"https:\/\/hash-gang.com\/fr\/wp-json\/wp\/v2\/product_tag?post=29915"}],"curies":[{"name":"wp","href":"https:\/\/api.w.org\/{rel}","templated":true}]}}