{"id":29939,"date":"2024-12-04T16:17:54","date_gmt":"2024-12-04T15:17:54","guid":{"rendered":"https:\/\/hash-gang.com\/?page_id=29939"},"modified":"2024-12-04T16:17:55","modified_gmt":"2024-12-04T15:17:55","slug":"moyens-de-paiement","status":"publish","type":"page","link":"http:\/\/hash-gang.com\/fr\/moyens-de-paiement\/","title":{"rendered":"Moyens de paiement"},"content":{"rendered":"\n<h2 class=\"wp-block-heading\"><strong>Nous acceptons les principaux moyens de paiements standards<\/strong><\/h2>\n\n\n\n<p>Visa, Mastercard, Twint<br>Postcard : paiement par Postcard sans frais suppl\u00e9mentaires.<br>Virement bancaire : paiement d\u2019avance par virement bancaire sans frais suppl\u00e9mentaires (sauf si votre banque facture des frais de virement bancaires).<\/p>\n\n\n\n<h2 class=\"wp-block-heading\"><strong>Paiements s\u00e9curis\u00e9s<\/strong><\/h2>\n\n\n\n<p>Le certificat SSL (EV SSL) fournit le niveau de s\u00e9curit\u00e9 SSL le plus \u00e9lev\u00e9 via un niveau de chiffrement tr\u00e8s fort permettant \u00e0 l\u2019organisation derri\u00e8re un site web d\u2019afficher son identit\u00e9 pr\u00e9alablement v\u00e9rifi\u00e9e et valid\u00e9e aux internautes. Il garantit aux visiteurs d\u2019un site que son propri\u00e9taire a d\u00fb se soumettre \u00e0 un processus de v\u00e9rification stricte pour confirmer son identit\u00e9. Selon les r\u00e8glementations \u00e9tablies pour ce processus, il est n\u00e9cessaire de prouver que le propri\u00e9taire d\u2019un site web a les droits exclusifs d\u2019utiliser le nom de domaine pour lequel il demande un certificat EV SSL, de valider l\u2019existence l\u00e9gale, physique et commerciale de son organisation et prouver que l\u2019entit\u00e9 a autoris\u00e9 l\u2019\u00e9mission du certificat.<\/p>\n","protected":false},"excerpt":{"rendered":"<p>Nous acceptons les principaux moyens de paiements standards Visa, Mastercard, TwintPostcard : paiement par Postcard sans frais suppl\u00e9mentaires.Virement bancaire : paiement d\u2019avance par virement bancaire sans frais suppl\u00e9mentaires (sauf si votre banque facture des frais de virement bancaires). Paiements s\u00e9curis\u00e9s Le certificat SSL (EV SSL) fournit le niveau de s\u00e9curit\u00e9 SSL le plus \u00e9lev\u00e9 via [&hellip;]<\/p>\n","protected":false},"author":2,"featured_media":0,"parent":0,"menu_order":6,"comment_status":"closed","ping_status":"closed","template":"","meta":{"_monsterinsights_skip_tracking":false,"_monsterinsights_sitenote_active":false,"_monsterinsights_sitenote_note":"","_monsterinsights_sitenote_category":0,"footnotes":""},"class_list":["post-29939","page","type-page","status-publish","hentry"],"yoast_head":"<!-- This site is optimized with the Yoast SEO plugin v27.0 - https:\/\/yoast.com\/product\/yoast-seo-wordpress\/ -->\n<title>Moyens de paiement | Hash Gang<\/title>\n<meta name=\"description\" content=\"Nous acceptons les principaux moyens de paiements standardsVisa, Mastercard, TwintPostcard : paiement par Postcard sans frais suppl\u00e9mentaires.\" \/>\n<meta name=\"robots\" content=\"index, follow, max-snippet:-1, max-image-preview:large, max-video-preview:-1\" \/>\n<link rel=\"canonical\" href=\"http:\/\/hash-gang.com\/fr\/moyens-de-paiement\/\" \/>\n<meta property=\"og:locale\" content=\"fr_FR\" \/>\n<meta property=\"og:type\" content=\"article\" \/>\n<meta property=\"og:title\" content=\"Moyens de paiement | Hash Gang\" \/>\n<meta property=\"og:description\" content=\"Nous acceptons les principaux moyens de paiements standardsVisa, Mastercard, TwintPostcard : paiement par Postcard sans frais suppl\u00e9mentaires.\" \/>\n<meta property=\"og:url\" content=\"http:\/\/hash-gang.com\/fr\/moyens-de-paiement\/\" \/>\n<meta property=\"og:site_name\" content=\"Hash Gang\" \/>\n<meta property=\"article:modified_time\" content=\"2024-12-04T15:17:55+00:00\" \/>\n<meta property=\"og:image\" content=\"http:\/\/hash-gang.com\/wp-content\/uploads\/hash-gang_bubble-hash_01.jpg\" \/>\n\t<meta property=\"og:image:width\" content=\"1920\" \/>\n\t<meta property=\"og:image:height\" content=\"1080\" \/>\n\t<meta property=\"og:image:type\" content=\"image\/jpeg\" \/>\n<meta name=\"twitter:card\" content=\"summary_large_image\" \/>\n<script type=\"application\/ld+json\" class=\"yoast-schema-graph\">{\"@context\":\"https:\/\/schema.org\",\"@graph\":[{\"@type\":\"WebPage\",\"@id\":\"http:\/\/hash-gang.com\/fr\/moyens-de-paiement\/\",\"url\":\"http:\/\/hash-gang.com\/fr\/moyens-de-paiement\/\",\"name\":\"Moyens de paiement | Hash Gang\",\"isPartOf\":{\"@id\":\"http:\/\/hash-gang.com\/fr\/#website\"},\"datePublished\":\"2024-12-04T15:17:54+00:00\",\"dateModified\":\"2024-12-04T15:17:55+00:00\",\"description\":\"Nous acceptons les principaux moyens de paiements standardsVisa, Mastercard, TwintPostcard : paiement par Postcard sans frais suppl\u00e9mentaires.\",\"breadcrumb\":{\"@id\":\"http:\/\/hash-gang.com\/fr\/moyens-de-paiement\/#breadcrumb\"},\"inLanguage\":\"fr-FR\",\"potentialAction\":[{\"@type\":\"ReadAction\",\"target\":[\"http:\/\/hash-gang.com\/fr\/moyens-de-paiement\/\"]}]},{\"@type\":\"BreadcrumbList\",\"@id\":\"http:\/\/hash-gang.com\/fr\/moyens-de-paiement\/#breadcrumb\",\"itemListElement\":[{\"@type\":\"ListItem\",\"position\":1,\"name\":\"Home\",\"item\":\"http:\/\/hash-gang.com\/fr\/\"},{\"@type\":\"ListItem\",\"position\":2,\"name\":\"Moyens de paiement\"}]},{\"@type\":\"WebSite\",\"@id\":\"http:\/\/hash-gang.com\/fr\/#website\",\"url\":\"http:\/\/hash-gang.com\/fr\/\",\"name\":\"Hash Gang\",\"description\":\"In Hash We Trust\",\"publisher\":{\"@id\":\"http:\/\/hash-gang.com\/fr\/#organization\"},\"potentialAction\":[{\"@type\":\"SearchAction\",\"target\":{\"@type\":\"EntryPoint\",\"urlTemplate\":\"http:\/\/hash-gang.com\/fr\/?s={search_term_string}\"},\"query-input\":{\"@type\":\"PropertyValueSpecification\",\"valueRequired\":true,\"valueName\":\"search_term_string\"}}],\"inLanguage\":\"fr-FR\"},{\"@type\":\"Organization\",\"@id\":\"http:\/\/hash-gang.com\/fr\/#organization\",\"name\":\"Hash Gang\",\"url\":\"http:\/\/hash-gang.com\/fr\/\",\"logo\":{\"@type\":\"ImageObject\",\"inLanguage\":\"fr-FR\",\"@id\":\"http:\/\/hash-gang.com\/fr\/#\/schema\/logo\/image\/\",\"url\":\"http:\/\/hash-gang.com\/wp-content\/uploads\/hg-logo-b.png\",\"contentUrl\":\"http:\/\/hash-gang.com\/wp-content\/uploads\/hg-logo-b.png\",\"width\":424,\"height\":332,\"caption\":\"Hash Gang\"},\"image\":{\"@id\":\"http:\/\/hash-gang.com\/fr\/#\/schema\/logo\/image\/\"}}]}<\/script>\n<!-- \/ Yoast SEO plugin. -->","yoast_head_json":{"title":"Moyens de paiement | Hash Gang","description":"Nous acceptons les principaux moyens de paiements standardsVisa, Mastercard, TwintPostcard : paiement par Postcard sans frais suppl\u00e9mentaires.","robots":{"index":"index","follow":"follow","max-snippet":"max-snippet:-1","max-image-preview":"max-image-preview:large","max-video-preview":"max-video-preview:-1"},"canonical":"http:\/\/hash-gang.com\/fr\/moyens-de-paiement\/","og_locale":"fr_FR","og_type":"article","og_title":"Moyens de paiement | Hash Gang","og_description":"Nous acceptons les principaux moyens de paiements standardsVisa, Mastercard, TwintPostcard : paiement par Postcard sans frais suppl\u00e9mentaires.","og_url":"http:\/\/hash-gang.com\/fr\/moyens-de-paiement\/","og_site_name":"Hash Gang","article_modified_time":"2024-12-04T15:17:55+00:00","og_image":[{"width":1920,"height":1080,"url":"http:\/\/hash-gang.com\/wp-content\/uploads\/hash-gang_bubble-hash_01.jpg","type":"image\/jpeg"}],"twitter_card":"summary_large_image","schema":{"@context":"https:\/\/schema.org","@graph":[{"@type":"WebPage","@id":"http:\/\/hash-gang.com\/fr\/moyens-de-paiement\/","url":"http:\/\/hash-gang.com\/fr\/moyens-de-paiement\/","name":"Moyens de paiement | Hash Gang","isPartOf":{"@id":"http:\/\/hash-gang.com\/fr\/#website"},"datePublished":"2024-12-04T15:17:54+00:00","dateModified":"2024-12-04T15:17:55+00:00","description":"Nous acceptons les principaux moyens de paiements standardsVisa, Mastercard, TwintPostcard : paiement par Postcard sans frais suppl\u00e9mentaires.","breadcrumb":{"@id":"http:\/\/hash-gang.com\/fr\/moyens-de-paiement\/#breadcrumb"},"inLanguage":"fr-FR","potentialAction":[{"@type":"ReadAction","target":["http:\/\/hash-gang.com\/fr\/moyens-de-paiement\/"]}]},{"@type":"BreadcrumbList","@id":"http:\/\/hash-gang.com\/fr\/moyens-de-paiement\/#breadcrumb","itemListElement":[{"@type":"ListItem","position":1,"name":"Home","item":"http:\/\/hash-gang.com\/fr\/"},{"@type":"ListItem","position":2,"name":"Moyens de paiement"}]},{"@type":"WebSite","@id":"http:\/\/hash-gang.com\/fr\/#website","url":"http:\/\/hash-gang.com\/fr\/","name":"Hash Gang","description":"In Hash We Trust","publisher":{"@id":"http:\/\/hash-gang.com\/fr\/#organization"},"potentialAction":[{"@type":"SearchAction","target":{"@type":"EntryPoint","urlTemplate":"http:\/\/hash-gang.com\/fr\/?s={search_term_string}"},"query-input":{"@type":"PropertyValueSpecification","valueRequired":true,"valueName":"search_term_string"}}],"inLanguage":"fr-FR"},{"@type":"Organization","@id":"http:\/\/hash-gang.com\/fr\/#organization","name":"Hash Gang","url":"http:\/\/hash-gang.com\/fr\/","logo":{"@type":"ImageObject","inLanguage":"fr-FR","@id":"http:\/\/hash-gang.com\/fr\/#\/schema\/logo\/image\/","url":"http:\/\/hash-gang.com\/wp-content\/uploads\/hg-logo-b.png","contentUrl":"http:\/\/hash-gang.com\/wp-content\/uploads\/hg-logo-b.png","width":424,"height":332,"caption":"Hash Gang"},"image":{"@id":"http:\/\/hash-gang.com\/fr\/#\/schema\/logo\/image\/"}}]}},"_links":{"self":[{"href":"http:\/\/hash-gang.com\/fr\/wp-json\/wp\/v2\/pages\/29939","targetHints":{"allow":["GET"]}}],"collection":[{"href":"http:\/\/hash-gang.com\/fr\/wp-json\/wp\/v2\/pages"}],"about":[{"href":"http:\/\/hash-gang.com\/fr\/wp-json\/wp\/v2\/types\/page"}],"author":[{"embeddable":true,"href":"http:\/\/hash-gang.com\/fr\/wp-json\/wp\/v2\/users\/2"}],"replies":[{"embeddable":true,"href":"http:\/\/hash-gang.com\/fr\/wp-json\/wp\/v2\/comments?post=29939"}],"version-history":[{"count":1,"href":"http:\/\/hash-gang.com\/fr\/wp-json\/wp\/v2\/pages\/29939\/revisions"}],"predecessor-version":[{"id":29940,"href":"http:\/\/hash-gang.com\/fr\/wp-json\/wp\/v2\/pages\/29939\/revisions\/29940"}],"wp:attachment":[{"href":"http:\/\/hash-gang.com\/fr\/wp-json\/wp\/v2\/media?parent=29939"}],"curies":[{"name":"wp","href":"https:\/\/api.w.org\/{rel}","templated":true}]}}