{"id":29919,"date":"2024-11-22T09:59:08","date_gmt":"2024-11-22T08:59:08","guid":{"rendered":"https:\/\/hash-gang.com\/conditions-dutilisation\/"},"modified":"2025-03-25T15:04:34","modified_gmt":"2025-03-25T14:04:34","slug":"conditions-dutilisation","status":"publish","type":"page","link":"http:\/\/hash-gang.com\/fr\/conditions-dutilisation\/","title":{"rendered":"Conditions d&#8217;utilisation"},"content":{"rendered":"\n<h2 class=\"wp-block-heading\">OBJET<\/h2>\n\n<p>Les pr\u00e9sentes conditions g\u00e9n\u00e9rales de vente r\u00e9gissent les droits et obligations des parties dans le cadre de la vente en ligne sur le site hash-gang.com.<\/p>\n\n<h2 class=\"wp-block-heading\">ACHAT<\/h2>\n\n<h3 class=\"wp-block-heading\">Principe g\u00e9n\u00e9ral<\/h3>\n\n<p>Tout achat d&#8217;un article sur le site hash-gang.com implique l&#8217;acceptation des pr\u00e9sentes conditions g\u00e9n\u00e9rales par l&#8217;acheteur.<\/p>\n\n<p>Les Conditions G\u00e9n\u00e9rales de Vente sont disponibles sur le site hash-gang.com et lors de la confirmation de la commande. L&#8217;Acheteur peut donc consulter les Conditions G\u00e9n\u00e9rales de Vente avant de cliquer sur la case \u00e0 cocher intitul\u00e9e J&#8217;ai lu les Conditions G\u00e9n\u00e9rales de Vente et je les accepte sans r\u00e9serve. <\/p>\n\n<h3 class=\"wp-block-heading\">Confirmation et conclusion du contrat<\/h3>\n\n<p>Tout achat effectu\u00e9 avec succ\u00e8s fera l&#8217;objet d&#8217;un message de confirmation \u00e0 l&#8217;attention de l&#8217;acheteur et d&#8217;un courrier \u00e9lectronique de confirmation de la commande.<\/p>\n\n<p>Le contrat de vente est r\u00e9put\u00e9 conclu au moment de la confirmation de la commande par le Vendeur, qui intervient apr\u00e8s validation de la commande et encaissement du prix de vente. Dans tous les cas, le prix de vente est exigible \u00e0 la conclusion du contrat, c&#8217;est-\u00e0-dire \u00e0 la confirmation de la commande par le vendeur. Le vendeur peut suspendre la livraison jusqu&#8217;\u00e0 la r\u00e9ception du paiement. Exceptionnellement, le vendeur peut autoriser un paiement diff\u00e9r\u00e9, sans d\u00e9roger aux pr\u00e9sentes conditions.   <\/p>\n\n<p>En passant une commande, l&#8217;acheteur d\u00e9clare qu&#8217;il a tous les droits civils.<\/p>\n\n<h3 class=\"wp-block-heading\">Obligations de l&#8217;acheteur<\/h3>\n\n<p>L&#8217;Acheteur s&#8217;engage \u00e0 fournir des coordonn\u00e9es valides lors de la commande et \u00e0 payer le prix demand\u00e9.<\/p>\n\n<p>Le vendeur n&#8217;est pas responsable du fait que les marchandises command\u00e9es ne peuvent pas \u00eatre livr\u00e9es en raison d&#8217;un manque de stock disponible, de fournitures suppl\u00e9mentaires ou de production.<\/p>\n\n<p>Le vendeur reste libre de supprimer ou de modifier les produits propos\u00e9s, \u00e0 sa seule discr\u00e9tion et \u00e0 tout moment.<\/p>\n\n<h2 class=\"wp-block-heading\">PRIX<\/h2>\n\n<p>Les prix de ce catalogue sont garantis nets, TVA comprise, en francs suisses.<\/p>\n\n<p>Les prix indiqu\u00e9s ne comprennent pas les frais d&#8217;exp\u00e9dition, qui sont factur\u00e9s en sus et varient en fonction du poids et de la taille du colis.<\/p>\n\n<p>Les coupons de r\u00e9duction ne sont pas cumulables.<\/p>\n\n<p>Les frais d&#8217;exp\u00e9dition pour les livraisons en Suisse sont indiqu\u00e9s dans le r\u00e9capitulatif de la commande.<\/p>\n\n<p>Une fois la commande valid\u00e9e, son prix ne peut plus \u00eatre modifi\u00e9.<\/p>\n\n<p>Les articles couverts par une garantie sont soumis aux conditions de l&#8217;offre en vigueur au moment de l&#8217;achat. La garantie prend effet \u00e0 la date de livraison de l&#8217;article, attest\u00e9e par le document d&#8217;accompagnement (facture), que nous vous demandons de conserver pr\u00e9cieusement. Les dommages dus \u00e0 un mauvais entretien, au non-respect des instructions ou \u00e0 l&#8217;usure normale ne sont pas couverts.  <\/p>\n\n<p>Sous r\u00e9serve de ce qui pr\u00e9c\u00e8de, le vendeur est autoris\u00e9 \u00e0 modifier, \u00e0 sa seule discr\u00e9tion et \u00e0 tout moment, le prix des marchandises offertes.<\/p>\n\n<h2 class=\"wp-block-heading\">EXP\u00c9DITION DES PRODUITS ET D\u00c9LAIS DE LIVRAISON<\/h2>\n\n<p>Les articles disponibles sont exp\u00e9di\u00e9s par la poste dans un d\u00e9lai de 1 \u00e0 3 jours ouvrables \u00e0 compter de la r\u00e9ception du paiement int\u00e9gral de la commande, sauf cas particuliers. Une contribution ne peut vous \u00eatre demand\u00e9e qu&#8217;une seule fois par commande. <\/p>\n\n<p><strong>IMPORTANT : Hash Gang\u00ae ne livre pas aux bo\u00eetes postales et ne livre pas aux mineurs ou aux personnes sous tutelle, \u00e0 moins qu&#8217;une autorisation \u00e9crite n&#8217;ait \u00e9t\u00e9 obtenue du parent ou du tuteur.<\/strong><\/p>\n\n<p><strong>Le transfert de risque &#8211; qui comprend le risque de perte ainsi que la d\u00e9t\u00e9rioration de la marchandise &#8211; passe \u00e0 l&#8217;Acheteur d\u00e8s la confirmation de la commande par le Vendeur.<\/strong><\/p>\n\n<p>Dans le cas de colis mal adress\u00e9s ou de colis qui nous sont retourn\u00e9s comme non r\u00e9clam\u00e9s et pour lesquels nous devons r\u00e9exp\u00e9dier la marchandise une deuxi\u00e8me fois, un forfait de CHF 20.00 sera factur\u00e9, comprenant le co\u00fbt d&#8217;un deuxi\u00e8me envoi ainsi que les frais administratifs y aff\u00e9rents.<\/p>\n\n<h2 class=\"wp-block-heading\">RETOUR OU \u00c9CHANGE DE MARCHANDISES<\/h2>\n\n<p>Les articles doivent \u00eatre retourn\u00e9s intacts et complets dans leur emballage d&#8217;origine (avec les \u00e9tiquettes de r\u00e9f\u00e9rence), accompagn\u00e9s du bon de livraison, dans les 7 jours suivant la r\u00e9ception de votre colis, le cachet de la poste faisant foi. Les colis ouverts ou endommag\u00e9s ne seront pas accept\u00e9s. Les frais de retour sont \u00e0 votre charge. Dans le cas d&#8217;un \u00e9change de commande, les frais de port de votre nouvelle commande sont offerts.   <\/p>\n\n<h2 class=\"wp-block-heading\">PAIEMENT<\/h2>\n\n<p>Moyens de paiement : Visa, Mastercard, Twint, PostFinance (carte), E-Finance (compte), Virement bancaire, Paiement par bulletin de versement. Les paiements sont effectu\u00e9s de mani\u00e8re s\u00e9curis\u00e9e via notre prestataire de services de paiement Proxypay. <\/p>\n\n<h2 class=\"wp-block-heading\">GARANTIE<\/h2>\n\n<p>L&#8217;\u00e9tat des marchandises livr\u00e9es doit \u00eatre v\u00e9rifi\u00e9 dans les 2 jours ouvrables suivant la r\u00e9ception afin d&#8217;exclure les d\u00e9fauts \u00e9vidents de mat\u00e9riel et de fabrication, ainsi que les dommages dus au transport. Conform\u00e9ment \u00e0 la loi, vous \u00eates tenu de nous signaler tout d\u00e9faut ou toute anomalie affectant les marchandises livr\u00e9es, afin que nous puissions y rem\u00e9dier. <\/p>\n\n<p>Dans le cas de marchandises emball\u00e9es sous vide, l&#8217;Acheteur est tenu de v\u00e9rifier la pr\u00e9sence de l&#8217;ensemble de la commande AVANT de d\u00e9cacheter l&#8217;emballage transparent. Il doit photographier la marchandise intacte et nous envoyer la\/les photographie(s) par e-mail. Les r\u00e9clamations concernant des emballages ouverts ne seront pas prises en consid\u00e9ration.  <\/p>\n\n<p>Les photos des articles sur hash-gang.com ne sont pas contractuelles.<\/p>\n\n<h2 class=\"wp-block-heading\">PROTECTION DES DONN\u00c9ES<\/h2>\n\n<p>Nous garantissons le respect des dispositions de la loi suisse sur la protection des donn\u00e9es et des normes juridiques pertinentes pour la collecte, le traitement et l&#8217;utilisation des donn\u00e9es personnelles.<\/p>\n\n<p>Les donn\u00e9es recueillies au cours du processus de commande ne seront utilis\u00e9es qu&#8217;\u00e0 des fins internes. Le client accepte cette utilisation de ses donn\u00e9es dans le cadre du processus de commande. En outre, il a toujours le droit de demander des informations sur les donn\u00e9es enregistr\u00e9es et peut interdire leur utilisation \u00e0 des fins de marketing interne.  <\/p>\n\n<p>Pour exercer ces droits, l&#8217;utilisateur doit contacter le service client\u00e8le \u00e0 l&#8217;adresse info@hash-gang.com, en fournissant une preuve d&#8217;identit\u00e9 sous la forme d&#8217;une copie d&#8217;une pi\u00e8ce d&#8217;identit\u00e9.<\/p>\n\n<h2 class=\"wp-block-heading\">MODIFICATION DES CONDITIONS G\u00c9N\u00c9RALES DE VENTE<\/h2>\n\n<p>Le vendeur peut modifier les pr\u00e9sentes conditions g\u00e9n\u00e9rales de vente de temps \u00e0 autre. La version en vigueur au moment de la commande pr\u00e9vaudra dans les relations contractuelles entre l&#8217;acheteur et le vendeur. <\/p>\n\n<h2 class=\"wp-block-heading\">DROIT APPLICABLE ET JURIDICTION<\/h2>\n\n<p>En cas de litige, les conditions g\u00e9n\u00e9rales de vente en vigueur au moment de l&#8217;achat serviront de base juridique.<\/p>\n\n<p>Le droit applicable est le droit suisse et tout litige sera trait\u00e9 par le Tribunal de Gen\u00e8ve.<\/p>\n\n<h2 class=\"wp-block-heading\">INFORMATIONS JURIDIQUES<\/h2>\n\n<p>Daedalus SA<br\/>Cd. de la Veyre d&#8217;en Haut 43\/2D<br\/>1806 St-L\u00e9gier-La Chi\u00e9saz<br\/>Suisse <\/p>\n\n<p>Courriel : info@hash-gang.com<\/p>\n\n<p>Num\u00e9ro de Registre de Commerce : CH-660.7.166.008-3<\/p>\n\n<p>\u00c9dition : Mars 2025<\/p>\n","protected":false},"excerpt":{"rendered":"<p>OBJET Les pr\u00e9sentes conditions g\u00e9n\u00e9rales de vente r\u00e9gissent les droits et obligations des parties dans le cadre de la vente en ligne sur le site hash-gang.com. ACHAT Principe g\u00e9n\u00e9ral Tout achat d&#8217;un article sur le site hash-gang.com implique l&#8217;acceptation des pr\u00e9sentes conditions g\u00e9n\u00e9rales par l&#8217;acheteur. Les Conditions G\u00e9n\u00e9rales de Vente sont disponibles sur le site [&hellip;]<\/p>\n","protected":false},"author":1,"featured_media":0,"parent":0,"menu_order":9,"comment_status":"closed","ping_status":"closed","template":"","meta":{"_monsterinsights_skip_tracking":false,"_monsterinsights_sitenote_active":false,"_monsterinsights_sitenote_note":"","_monsterinsights_sitenote_category":0,"footnotes":""},"class_list":["post-29919","page","type-page","status-publish","hentry"],"yoast_head":"<!-- This site is optimized with the Yoast SEO plugin v27.0 - https:\/\/yoast.com\/product\/yoast-seo-wordpress\/ -->\n<title>Conditions d&#039;utilisation | Hash Gang<\/title>\n<meta name=\"robots\" content=\"index, follow, max-snippet:-1, max-image-preview:large, max-video-preview:-1\" \/>\n<link rel=\"canonical\" href=\"http:\/\/hash-gang.com\/fr\/conditions-dutilisation\/\" \/>\n<meta property=\"og:locale\" content=\"fr_FR\" \/>\n<meta property=\"og:type\" content=\"article\" \/>\n<meta property=\"og:title\" content=\"Conditions d&#039;utilisation | Hash Gang\" \/>\n<meta property=\"og:description\" content=\"OBJET Les pr\u00e9sentes conditions g\u00e9n\u00e9rales de vente r\u00e9gissent les droits et obligations des parties dans le cadre de la vente en ligne sur le site hash-gang.com. ACHAT Principe g\u00e9n\u00e9ral Tout achat d&#8217;un article sur le site hash-gang.com implique l&#8217;acceptation des pr\u00e9sentes conditions g\u00e9n\u00e9rales par l&#8217;acheteur. Les Conditions G\u00e9n\u00e9rales de Vente sont disponibles sur le site [&hellip;]\" \/>\n<meta property=\"og:url\" content=\"http:\/\/hash-gang.com\/fr\/conditions-dutilisation\/\" \/>\n<meta property=\"og:site_name\" content=\"Hash Gang\" \/>\n<meta property=\"article:modified_time\" content=\"2025-03-25T14:04:34+00:00\" \/>\n<meta property=\"og:image\" content=\"http:\/\/hash-gang.com\/wp-content\/uploads\/hash-gang_bubble-hash_01.jpg\" \/>\n\t<meta property=\"og:image:width\" content=\"1920\" \/>\n\t<meta property=\"og:image:height\" content=\"1080\" \/>\n\t<meta property=\"og:image:type\" content=\"image\/jpeg\" \/>\n<meta name=\"twitter:card\" content=\"summary_large_image\" \/>\n<script type=\"application\/ld+json\" class=\"yoast-schema-graph\">{\"@context\":\"https:\/\/schema.org\",\"@graph\":[{\"@type\":\"WebPage\",\"@id\":\"http:\/\/hash-gang.com\/fr\/conditions-dutilisation\/\",\"url\":\"http:\/\/hash-gang.com\/fr\/conditions-dutilisation\/\",\"name\":\"Conditions d'utilisation | Hash Gang\",\"isPartOf\":{\"@id\":\"http:\/\/hash-gang.com\/fr\/#website\"},\"datePublished\":\"2024-11-22T08:59:08+00:00\",\"dateModified\":\"2025-03-25T14:04:34+00:00\",\"breadcrumb\":{\"@id\":\"http:\/\/hash-gang.com\/fr\/conditions-dutilisation\/#breadcrumb\"},\"inLanguage\":\"fr-FR\",\"potentialAction\":[{\"@type\":\"ReadAction\",\"target\":[\"http:\/\/hash-gang.com\/fr\/conditions-dutilisation\/\"]}]},{\"@type\":\"BreadcrumbList\",\"@id\":\"http:\/\/hash-gang.com\/fr\/conditions-dutilisation\/#breadcrumb\",\"itemListElement\":[{\"@type\":\"ListItem\",\"position\":1,\"name\":\"Home\",\"item\":\"https:\/\/hash-gang.com\/fr\/\"},{\"@type\":\"ListItem\",\"position\":2,\"name\":\"Conditions d&#8217;utilisation\"}]},{\"@type\":\"WebSite\",\"@id\":\"http:\/\/hash-gang.com\/fr\/#website\",\"url\":\"http:\/\/hash-gang.com\/fr\/\",\"name\":\"Hash Gang\",\"description\":\"In Hash We Trust\",\"publisher\":{\"@id\":\"http:\/\/hash-gang.com\/fr\/#organization\"},\"potentialAction\":[{\"@type\":\"SearchAction\",\"target\":{\"@type\":\"EntryPoint\",\"urlTemplate\":\"http:\/\/hash-gang.com\/fr\/?s={search_term_string}\"},\"query-input\":{\"@type\":\"PropertyValueSpecification\",\"valueRequired\":true,\"valueName\":\"search_term_string\"}}],\"inLanguage\":\"fr-FR\"},{\"@type\":\"Organization\",\"@id\":\"http:\/\/hash-gang.com\/fr\/#organization\",\"name\":\"Hash Gang\",\"url\":\"http:\/\/hash-gang.com\/fr\/\",\"logo\":{\"@type\":\"ImageObject\",\"inLanguage\":\"fr-FR\",\"@id\":\"http:\/\/hash-gang.com\/fr\/#\/schema\/logo\/image\/\",\"url\":\"http:\/\/hash-gang.com\/wp-content\/uploads\/hg-logo-b.png\",\"contentUrl\":\"http:\/\/hash-gang.com\/wp-content\/uploads\/hg-logo-b.png\",\"width\":424,\"height\":332,\"caption\":\"Hash Gang\"},\"image\":{\"@id\":\"http:\/\/hash-gang.com\/fr\/#\/schema\/logo\/image\/\"}}]}<\/script>\n<!-- \/ Yoast SEO plugin. -->","yoast_head_json":{"title":"Conditions d'utilisation | Hash Gang","robots":{"index":"index","follow":"follow","max-snippet":"max-snippet:-1","max-image-preview":"max-image-preview:large","max-video-preview":"max-video-preview:-1"},"canonical":"http:\/\/hash-gang.com\/fr\/conditions-dutilisation\/","og_locale":"fr_FR","og_type":"article","og_title":"Conditions d'utilisation | Hash Gang","og_description":"OBJET Les pr\u00e9sentes conditions g\u00e9n\u00e9rales de vente r\u00e9gissent les droits et obligations des parties dans le cadre de la vente en ligne sur le site hash-gang.com. ACHAT Principe g\u00e9n\u00e9ral Tout achat d&#8217;un article sur le site hash-gang.com implique l&#8217;acceptation des pr\u00e9sentes conditions g\u00e9n\u00e9rales par l&#8217;acheteur. Les Conditions G\u00e9n\u00e9rales de Vente sont disponibles sur le site [&hellip;]","og_url":"http:\/\/hash-gang.com\/fr\/conditions-dutilisation\/","og_site_name":"Hash Gang","article_modified_time":"2025-03-25T14:04:34+00:00","og_image":[{"width":1920,"height":1080,"url":"http:\/\/hash-gang.com\/wp-content\/uploads\/hash-gang_bubble-hash_01.jpg","type":"image\/jpeg"}],"twitter_card":"summary_large_image","schema":{"@context":"https:\/\/schema.org","@graph":[{"@type":"WebPage","@id":"http:\/\/hash-gang.com\/fr\/conditions-dutilisation\/","url":"http:\/\/hash-gang.com\/fr\/conditions-dutilisation\/","name":"Conditions d'utilisation | Hash Gang","isPartOf":{"@id":"http:\/\/hash-gang.com\/fr\/#website"},"datePublished":"2024-11-22T08:59:08+00:00","dateModified":"2025-03-25T14:04:34+00:00","breadcrumb":{"@id":"http:\/\/hash-gang.com\/fr\/conditions-dutilisation\/#breadcrumb"},"inLanguage":"fr-FR","potentialAction":[{"@type":"ReadAction","target":["http:\/\/hash-gang.com\/fr\/conditions-dutilisation\/"]}]},{"@type":"BreadcrumbList","@id":"http:\/\/hash-gang.com\/fr\/conditions-dutilisation\/#breadcrumb","itemListElement":[{"@type":"ListItem","position":1,"name":"Home","item":"https:\/\/hash-gang.com\/fr\/"},{"@type":"ListItem","position":2,"name":"Conditions d&#8217;utilisation"}]},{"@type":"WebSite","@id":"http:\/\/hash-gang.com\/fr\/#website","url":"http:\/\/hash-gang.com\/fr\/","name":"Hash Gang","description":"In Hash We Trust","publisher":{"@id":"http:\/\/hash-gang.com\/fr\/#organization"},"potentialAction":[{"@type":"SearchAction","target":{"@type":"EntryPoint","urlTemplate":"http:\/\/hash-gang.com\/fr\/?s={search_term_string}"},"query-input":{"@type":"PropertyValueSpecification","valueRequired":true,"valueName":"search_term_string"}}],"inLanguage":"fr-FR"},{"@type":"Organization","@id":"http:\/\/hash-gang.com\/fr\/#organization","name":"Hash Gang","url":"http:\/\/hash-gang.com\/fr\/","logo":{"@type":"ImageObject","inLanguage":"fr-FR","@id":"http:\/\/hash-gang.com\/fr\/#\/schema\/logo\/image\/","url":"http:\/\/hash-gang.com\/wp-content\/uploads\/hg-logo-b.png","contentUrl":"http:\/\/hash-gang.com\/wp-content\/uploads\/hg-logo-b.png","width":424,"height":332,"caption":"Hash Gang"},"image":{"@id":"http:\/\/hash-gang.com\/fr\/#\/schema\/logo\/image\/"}}]}},"_links":{"self":[{"href":"http:\/\/hash-gang.com\/fr\/wp-json\/wp\/v2\/pages\/29919","targetHints":{"allow":["GET"]}}],"collection":[{"href":"http:\/\/hash-gang.com\/fr\/wp-json\/wp\/v2\/pages"}],"about":[{"href":"http:\/\/hash-gang.com\/fr\/wp-json\/wp\/v2\/types\/page"}],"author":[{"embeddable":true,"href":"http:\/\/hash-gang.com\/fr\/wp-json\/wp\/v2\/users\/1"}],"replies":[{"embeddable":true,"href":"http:\/\/hash-gang.com\/fr\/wp-json\/wp\/v2\/comments?post=29919"}],"version-history":[{"count":4,"href":"http:\/\/hash-gang.com\/fr\/wp-json\/wp\/v2\/pages\/29919\/revisions"}],"predecessor-version":[{"id":30039,"href":"http:\/\/hash-gang.com\/fr\/wp-json\/wp\/v2\/pages\/29919\/revisions\/30039"}],"wp:attachment":[{"href":"http:\/\/hash-gang.com\/fr\/wp-json\/wp\/v2\/media?parent=29919"}],"curies":[{"name":"wp","href":"https:\/\/api.w.org\/{rel}","templated":true}]}}