{"id":29504,"date":"2024-11-19T16:19:16","date_gmt":"2024-11-19T15:19:16","guid":{"rendered":"https:\/\/hash-gang.ch\/chariot\/"},"modified":"2024-12-05T09:24:25","modified_gmt":"2024-12-05T08:24:25","slug":"chariot","status":"publish","type":"page","link":"http:\/\/hash-gang.com\/fr\/chariot\/","title":{"rendered":"Chariot"},"content":{"rendered":"\n<div data-block-name=\"woocommerce\/cart\" class=\"wp-block-woocommerce-cart alignwide is-loading\">\n<div data-block-name=\"woocommerce\/filled-cart-block\" class=\"wp-block-woocommerce-filled-cart-block\">\n<div data-block-name=\"woocommerce\/cart-items-block\" class=\"wp-block-woocommerce-cart-items-block\">\n<div data-block-name=\"woocommerce\/cart-line-items-block\" class=\"wp-block-woocommerce-cart-line-items-block\"><\/div>\n\n\n\n<div data-block-name=\"woocommerce\/cart-cross-sells-block\" class=\"wp-block-woocommerce-cart-cross-sells-block\">\n<h2 class=\"wp-block-heading has-large-font-size\">Vous pourriez \u00eatre int\u00e9ress\u00e9 par&#8230;<\/h2>\n\n\n\n<div data-block-name=\"woocommerce\/cart-cross-sells-products-block\" class=\"wp-block-woocommerce-cart-cross-sells-products-block\"><\/div>\n<\/div>\n<\/div>\n\n\n\n<div data-block-name=\"woocommerce\/cart-totals-block\" class=\"wp-block-woocommerce-cart-totals-block\">\n<div data-block-name=\"woocommerce\/cart-order-summary-block\" class=\"wp-block-woocommerce-cart-order-summary-block\">\n<div data-block-name=\"woocommerce\/cart-order-summary-heading-block\" class=\"wp-block-woocommerce-cart-order-summary-heading-block\"><\/div><div data-block-name=\"woocommerce\/cart-order-summary-coupon-form-block\" class=\"wp-block-woocommerce-cart-order-summary-coupon-form-block\"><\/div><div data-block-name=\"woocommerce\/cart-order-summary-totals-block\" class=\"wp-block-woocommerce-cart-order-summary-totals-block\">\n<div data-block-name=\"woocommerce\/cart-order-summary-subtotal-block\" class=\"wp-block-woocommerce-cart-order-summary-subtotal-block\"><\/div>\n<div data-block-name=\"woocommerce\/cart-order-summary-discount-block\" class=\"wp-block-woocommerce-cart-order-summary-discount-block\"><\/div>\n<div data-block-name=\"woocommerce\/cart-order-summary-fee-block\" class=\"wp-block-woocommerce-cart-order-summary-fee-block\"><\/div>\n<div data-block-name=\"woocommerce\/cart-order-summary-shipping-block\" class=\"wp-block-woocommerce-cart-order-summary-shipping-block\"><\/div>\n<div data-block-name=\"woocommerce\/cart-order-summary-taxes-block\" class=\"wp-block-woocommerce-cart-order-summary-taxes-block\"><\/div><\/div>\n<\/div>\n\n\n\n<div data-block-name=\"woocommerce\/cart-express-payment-block\" class=\"wp-block-woocommerce-cart-express-payment-block\"><\/div>\n\n\n\n<div data-block-name=\"woocommerce\/proceed-to-checkout-block\" class=\"wp-block-woocommerce-proceed-to-checkout-block\"><\/div>\n\n\n\n<div data-block-name=\"woocommerce\/cart-accepted-payment-methods-block\" class=\"wp-block-woocommerce-cart-accepted-payment-methods-block\"><\/div>\n<\/div>\n<\/div>\n\n\n\n<div data-block-name=\"woocommerce\/empty-cart-block\" class=\"wp-block-woocommerce-empty-cart-block\">\n<h2 class=\"wp-block-heading has-text-align-center with-empty-cart-icon wc-block-cart__empty-cart__title\">Votre panier est actuellement vide !<\/h2>\n\n\n\n<hr class=\"wp-block-separator has-alpha-channel-opacity is-style-dots\"\/>\n\n\n\n<h2 class=\"wp-block-heading has-text-align-center\">Nouveau en magasin<\/h2>\n\n\n<div data-block-name=\"woocommerce\/product-new\" data-columns=\"4\" data-rows=\"1\" class=\"wc-block-grid wp-block-product-new wp-block-woocommerce-product-new wc-block-product-new has-4-columns\"><ul class=\"wc-block-grid__products\"><li class=\"wc-block-grid__product\">\n\t\t\t\t<a href=\"http:\/\/hash-gang.com\/fr\/shop\/accessoires\/plateau-roulant-the-gang\/\" class=\"wc-block-grid__product-link\">\n\t\t\t\t\t\n\t\t\t\t\t<div class=\"wc-block-grid__product-image\"><img loading=\"lazy\" decoding=\"async\" width=\"500\" height=\"500\" src=\"http:\/\/hash-gang.com\/wp-content\/uploads\/Hash-Gang-Rolling-Tray-The-Gang-500x500.jpg\" class=\"attachment-woocommerce_thumbnail size-woocommerce_thumbnail\" alt=\"A sleek 16x27cm Hash Gang Rolling Tray with vibrant, eye-catching designs. Set on a clean, minimal surface that highlights the tray\u2019s bold graphics and practical design.\" srcset=\"http:\/\/hash-gang.com\/wp-content\/uploads\/Hash-Gang-Rolling-Tray-The-Gang-500x500.jpg 500w, http:\/\/hash-gang.com\/wp-content\/uploads\/Hash-Gang-Rolling-Tray-The-Gang-100x100.jpg 100w, http:\/\/hash-gang.com\/wp-content\/uploads\/Hash-Gang-Rolling-Tray-The-Gang-800x800.jpg 800w, http:\/\/hash-gang.com\/wp-content\/uploads\/Hash-Gang-Rolling-Tray-The-Gang-300x300.jpg 300w, http:\/\/hash-gang.com\/wp-content\/uploads\/Hash-Gang-Rolling-Tray-The-Gang-768x768.jpg 768w, http:\/\/hash-gang.com\/wp-content\/uploads\/Hash-Gang-Rolling-Tray-The-Gang.jpg 1000w\" sizes=\"auto, (max-width: 500px) 100vw, 500px\" \/><\/div>\n\t\t\t\t\t<div class=\"wc-block-grid__product-title\">Plateau roulant &#8211; The Gang<\/div>\n\t\t\t\t<\/a>\n\t\t\t\t<div class=\"wc-block-grid__product-price price\"><span class=\"woocommerce-Price-amount amount\"><span class=\"woocommerce-Price-currencySymbol\">&#067;&#072;&#070;<\/span>&nbsp;15.00<\/span><\/div>\n\t\t\t\t\n\t\t\t\t<div class=\"wp-block-button wc-block-grid__product-add-to-cart\"><a href=\"\/fr\/wp-json\/wp\/v2\/pages\/29504?add-to-cart=29927\" aria-label=\"Ajouter au panier\u00a0: &ldquo;Plateau roulant - The Gang&rdquo;\" data-quantity=\"1\" data-product_id=\"29927\" data-product_sku=\"\" data-price=\"15\" rel=\"nofollow\" class=\"wp-block-button__link  add_to_cart_button ajax_add_to_cart\">Ajouter au panier<\/a><\/div>\n\t\t\t<\/li><li class=\"wc-block-grid__product\">\n\t\t\t\t<a href=\"http:\/\/hash-gang.com\/fr\/shop\/non-classifiee\/manali-cream\/\" class=\"wc-block-grid__product-link\">\n\t\t\t\t\t\n\t\t\t\t\t<div class=\"wc-block-grid__product-image\"><img loading=\"lazy\" decoding=\"async\" width=\"500\" height=\"500\" src=\"http:\/\/hash-gang.com\/wp-content\/uploads\/Hash-Gang_Manali-Cream_03-500x500.jpg\" class=\"attachment-woocommerce_thumbnail size-woocommerce_thumbnail\" alt=\"A creamy, golden block of Manali Cream CBD hash resting on a textured surface, with soft lighting that highlights its smooth, luxurious texture and premium quality.\" srcset=\"http:\/\/hash-gang.com\/wp-content\/uploads\/Hash-Gang_Manali-Cream_03-500x500.jpg 500w, http:\/\/hash-gang.com\/wp-content\/uploads\/Hash-Gang_Manali-Cream_03-100x100.jpg 100w, http:\/\/hash-gang.com\/wp-content\/uploads\/Hash-Gang_Manali-Cream_03-800x800.jpg 800w, http:\/\/hash-gang.com\/wp-content\/uploads\/Hash-Gang_Manali-Cream_03-1000x1000.jpg 1000w, http:\/\/hash-gang.com\/wp-content\/uploads\/Hash-Gang_Manali-Cream_03-300x300.jpg 300w, http:\/\/hash-gang.com\/wp-content\/uploads\/Hash-Gang_Manali-Cream_03-768x768.jpg 768w, http:\/\/hash-gang.com\/wp-content\/uploads\/Hash-Gang_Manali-Cream_03-1536x1536.jpg 1536w, http:\/\/hash-gang.com\/wp-content\/uploads\/Hash-Gang_Manali-Cream_03.jpg 2000w\" sizes=\"auto, (max-width: 500px) 100vw, 500px\" \/><\/div>\n\t\t\t\t\t<div class=\"wc-block-grid__product-title\">Manali Cream<\/div>\n\t\t\t\t<\/a>\n\t\t\t\t<div class=\"wc-block-grid__product-price price\"><span class=\"woocommerce-Price-amount amount\"><span class=\"woocommerce-Price-currencySymbol\">&#067;&#072;&#070;<\/span>&nbsp;29.00<\/span><\/div>\n\t\t\t\t\n\t\t\t\t<div class=\"wp-block-button wc-block-grid__product-add-to-cart\"><a href=\"\/fr\/wp-json\/wp\/v2\/pages\/29504?add-to-cart=29907\" aria-label=\"Ajouter au panier\u00a0: &ldquo;Manali Cream&rdquo;\" data-quantity=\"1\" data-product_id=\"29907\" data-product_sku=\"\" data-price=\"29\" rel=\"nofollow\" class=\"wp-block-button__link  add_to_cart_button ajax_add_to_cart\">Ajouter au panier<\/a><\/div>\n\t\t\t<\/li><li class=\"wc-block-grid__product\">\n\t\t\t\t<a href=\"http:\/\/hash-gang.com\/fr\/shop\/non-classifiee\/jamaican-pollen\/\" class=\"wc-block-grid__product-link\">\n\t\t\t\t\t\n\t\t\t\t\t<div class=\"wc-block-grid__product-image\"><img loading=\"lazy\" decoding=\"async\" width=\"500\" height=\"500\" src=\"http:\/\/hash-gang.com\/wp-content\/uploads\/Hash-Gang_Jamaican-Pollen_03-500x500.jpg\" class=\"attachment-woocommerce_thumbnail size-woocommerce_thumbnail\" alt=\"A golden, crumbly mound of Jamaican Pollen CBD hash on a clean, natural surface, with vibrant tropical accents that evoke sunny island vibes.\" srcset=\"http:\/\/hash-gang.com\/wp-content\/uploads\/Hash-Gang_Jamaican-Pollen_03-500x500.jpg 500w, http:\/\/hash-gang.com\/wp-content\/uploads\/Hash-Gang_Jamaican-Pollen_03-100x100.jpg 100w, http:\/\/hash-gang.com\/wp-content\/uploads\/Hash-Gang_Jamaican-Pollen_03-800x800.jpg 800w, http:\/\/hash-gang.com\/wp-content\/uploads\/Hash-Gang_Jamaican-Pollen_03-1000x1000.jpg 1000w, http:\/\/hash-gang.com\/wp-content\/uploads\/Hash-Gang_Jamaican-Pollen_03-300x300.jpg 300w, http:\/\/hash-gang.com\/wp-content\/uploads\/Hash-Gang_Jamaican-Pollen_03-768x768.jpg 768w, http:\/\/hash-gang.com\/wp-content\/uploads\/Hash-Gang_Jamaican-Pollen_03-1536x1536.jpg 1536w, http:\/\/hash-gang.com\/wp-content\/uploads\/Hash-Gang_Jamaican-Pollen_03.jpg 2000w\" sizes=\"auto, (max-width: 500px) 100vw, 500px\" \/><\/div>\n\t\t\t\t\t<div class=\"wc-block-grid__product-title\">Jamaican Pollen<\/div>\n\t\t\t\t<\/a>\n\t\t\t\t<div class=\"wc-block-grid__product-price price\"><span class=\"woocommerce-Price-amount amount\"><span class=\"woocommerce-Price-currencySymbol\">&#067;&#072;&#070;<\/span>&nbsp;20.00<\/span><\/div>\n\t\t\t\t\n\t\t\t\t<div class=\"wp-block-button wc-block-grid__product-add-to-cart\"><a href=\"\/fr\/wp-json\/wp\/v2\/pages\/29504?add-to-cart=29928\" aria-label=\"Ajouter au panier\u00a0: &ldquo;Jamaican Pollen&rdquo;\" data-quantity=\"1\" data-product_id=\"29928\" data-product_sku=\"\" data-price=\"20\" rel=\"nofollow\" class=\"wp-block-button__link  add_to_cart_button ajax_add_to_cart\">Ajouter au panier<\/a><\/div>\n\t\t\t<\/li><li class=\"wc-block-grid__product\">\n\t\t\t\t<a href=\"http:\/\/hash-gang.com\/fr\/shop\/non-classifiee\/double-zero\/\" class=\"wc-block-grid__product-link\">\n\t\t\t\t\t\n\t\t\t\t\t<div class=\"wc-block-grid__product-image\"><img loading=\"lazy\" decoding=\"async\" width=\"500\" height=\"500\" src=\"http:\/\/hash-gang.com\/wp-content\/uploads\/Hash-Gang_Double-Zero_03-500x500.jpg\" class=\"attachment-woocommerce_thumbnail size-woocommerce_thumbnail\" alt=\"A smooth, golden block of Double Zero CBD hash resting on a rustic wooden surface, with warm lighting that highlights its fine texture and premium quality.\" srcset=\"http:\/\/hash-gang.com\/wp-content\/uploads\/Hash-Gang_Double-Zero_03-500x500.jpg 500w, http:\/\/hash-gang.com\/wp-content\/uploads\/Hash-Gang_Double-Zero_03-100x100.jpg 100w, http:\/\/hash-gang.com\/wp-content\/uploads\/Hash-Gang_Double-Zero_03-800x800.jpg 800w, http:\/\/hash-gang.com\/wp-content\/uploads\/Hash-Gang_Double-Zero_03-1000x1000.jpg 1000w, http:\/\/hash-gang.com\/wp-content\/uploads\/Hash-Gang_Double-Zero_03-300x300.jpg 300w, http:\/\/hash-gang.com\/wp-content\/uploads\/Hash-Gang_Double-Zero_03-768x768.jpg 768w, http:\/\/hash-gang.com\/wp-content\/uploads\/Hash-Gang_Double-Zero_03-1536x1536.jpg 1536w, http:\/\/hash-gang.com\/wp-content\/uploads\/Hash-Gang_Double-Zero_03.jpg 2000w\" sizes=\"auto, (max-width: 500px) 100vw, 500px\" \/><\/div>\n\t\t\t\t\t<div class=\"wc-block-grid__product-title\">Double Zero<\/div>\n\t\t\t\t<\/a>\n\t\t\t\t<div class=\"wc-block-grid__product-price price\"><span class=\"woocommerce-Price-amount amount\"><span class=\"woocommerce-Price-currencySymbol\">&#067;&#072;&#070;<\/span>&nbsp;25.00<\/span><\/div>\n\t\t\t\t\n\t\t\t\t<div class=\"wp-block-button wc-block-grid__product-add-to-cart\"><a href=\"\/fr\/wp-json\/wp\/v2\/pages\/29504?add-to-cart=29930\" aria-label=\"Ajouter au panier\u00a0: &ldquo;Double Zero&rdquo;\" data-quantity=\"1\" data-product_id=\"29930\" data-product_sku=\"\" data-price=\"25\" rel=\"nofollow\" class=\"wp-block-button__link  add_to_cart_button ajax_add_to_cart\">Ajouter au panier<\/a><\/div>\n\t\t\t<\/li><\/ul><\/div><\/div>\n<\/div>\n","protected":false},"excerpt":{"rendered":"","protected":false},"author":1,"featured_media":0,"parent":0,"menu_order":16,"comment_status":"closed","ping_status":"closed","template":"","meta":{"_monsterinsights_skip_tracking":false,"_monsterinsights_sitenote_active":false,"_monsterinsights_sitenote_note":"","_monsterinsights_sitenote_category":0,"footnotes":""},"class_list":["post-29504","page","type-page","status-publish","hentry"],"yoast_head":"<!-- This site is optimized with the Yoast SEO plugin v27.0 - https:\/\/yoast.com\/product\/yoast-seo-wordpress\/ -->\n<title>Chariot | Hash Gang<\/title>\n<meta name=\"robots\" content=\"index, follow, max-snippet:-1, max-image-preview:large, max-video-preview:-1\" \/>\n<link rel=\"canonical\" href=\"http:\/\/hash-gang.com\/fr\/chariot\/\" \/>\n<meta property=\"og:locale\" content=\"fr_FR\" \/>\n<meta property=\"og:type\" content=\"article\" \/>\n<meta property=\"og:title\" content=\"Chariot | Hash Gang\" \/>\n<meta property=\"og:url\" content=\"http:\/\/hash-gang.com\/fr\/chariot\/\" \/>\n<meta property=\"og:site_name\" content=\"Hash Gang\" \/>\n<meta property=\"article:modified_time\" content=\"2024-12-05T08:24:25+00:00\" \/>\n<meta property=\"og:image\" content=\"http:\/\/hash-gang.com\/wp-content\/uploads\/hash-gang_bubble-hash_01.jpg\" \/>\n\t<meta property=\"og:image:width\" content=\"1920\" \/>\n\t<meta property=\"og:image:height\" content=\"1080\" \/>\n\t<meta property=\"og:image:type\" content=\"image\/jpeg\" \/>\n<meta name=\"twitter:card\" content=\"summary_large_image\" \/>\n<script type=\"application\/ld+json\" class=\"yoast-schema-graph\">{\"@context\":\"https:\/\/schema.org\",\"@graph\":[{\"@type\":\"WebPage\",\"@id\":\"http:\/\/hash-gang.com\/fr\/chariot\/\",\"url\":\"http:\/\/hash-gang.com\/fr\/chariot\/\",\"name\":\"Chariot | Hash Gang\",\"isPartOf\":{\"@id\":\"https:\/\/hash-gang.com\/fr\/#website\"},\"datePublished\":\"2024-11-19T15:19:16+00:00\",\"dateModified\":\"2024-12-05T08:24:25+00:00\",\"breadcrumb\":{\"@id\":\"http:\/\/hash-gang.com\/fr\/chariot\/#breadcrumb\"},\"inLanguage\":\"fr-FR\",\"potentialAction\":[{\"@type\":\"ReadAction\",\"target\":[\"http:\/\/hash-gang.com\/fr\/chariot\/\"]}]},{\"@type\":\"BreadcrumbList\",\"@id\":\"http:\/\/hash-gang.com\/fr\/chariot\/#breadcrumb\",\"itemListElement\":[{\"@type\":\"ListItem\",\"position\":1,\"name\":\"Home\",\"item\":\"http:\/\/hash-gang.com\/fr\/\"},{\"@type\":\"ListItem\",\"position\":2,\"name\":\"Chariot\"}]},{\"@type\":\"WebSite\",\"@id\":\"https:\/\/hash-gang.com\/fr\/#website\",\"url\":\"https:\/\/hash-gang.com\/fr\/\",\"name\":\"Hash Gang\",\"description\":\"In Hash We Trust\",\"publisher\":{\"@id\":\"https:\/\/hash-gang.com\/fr\/#organization\"},\"potentialAction\":[{\"@type\":\"SearchAction\",\"target\":{\"@type\":\"EntryPoint\",\"urlTemplate\":\"https:\/\/hash-gang.com\/fr\/?s={search_term_string}\"},\"query-input\":{\"@type\":\"PropertyValueSpecification\",\"valueRequired\":true,\"valueName\":\"search_term_string\"}}],\"inLanguage\":\"fr-FR\"},{\"@type\":\"Organization\",\"@id\":\"https:\/\/hash-gang.com\/fr\/#organization\",\"name\":\"Hash Gang\",\"url\":\"https:\/\/hash-gang.com\/fr\/\",\"logo\":{\"@type\":\"ImageObject\",\"inLanguage\":\"fr-FR\",\"@id\":\"https:\/\/hash-gang.com\/fr\/#\/schema\/logo\/image\/\",\"url\":\"http:\/\/hash-gang.com\/wp-content\/uploads\/hg-logo-b.png\",\"contentUrl\":\"http:\/\/hash-gang.com\/wp-content\/uploads\/hg-logo-b.png\",\"width\":424,\"height\":332,\"caption\":\"Hash Gang\"},\"image\":{\"@id\":\"https:\/\/hash-gang.com\/fr\/#\/schema\/logo\/image\/\"}}]}<\/script>\n<!-- \/ Yoast SEO plugin. -->","yoast_head_json":{"title":"Chariot | Hash Gang","robots":{"index":"index","follow":"follow","max-snippet":"max-snippet:-1","max-image-preview":"max-image-preview:large","max-video-preview":"max-video-preview:-1"},"canonical":"http:\/\/hash-gang.com\/fr\/chariot\/","og_locale":"fr_FR","og_type":"article","og_title":"Chariot | Hash Gang","og_url":"http:\/\/hash-gang.com\/fr\/chariot\/","og_site_name":"Hash Gang","article_modified_time":"2024-12-05T08:24:25+00:00","og_image":[{"width":1920,"height":1080,"url":"http:\/\/hash-gang.com\/wp-content\/uploads\/hash-gang_bubble-hash_01.jpg","type":"image\/jpeg"}],"twitter_card":"summary_large_image","schema":{"@context":"https:\/\/schema.org","@graph":[{"@type":"WebPage","@id":"http:\/\/hash-gang.com\/fr\/chariot\/","url":"http:\/\/hash-gang.com\/fr\/chariot\/","name":"Chariot | Hash Gang","isPartOf":{"@id":"https:\/\/hash-gang.com\/fr\/#website"},"datePublished":"2024-11-19T15:19:16+00:00","dateModified":"2024-12-05T08:24:25+00:00","breadcrumb":{"@id":"http:\/\/hash-gang.com\/fr\/chariot\/#breadcrumb"},"inLanguage":"fr-FR","potentialAction":[{"@type":"ReadAction","target":["http:\/\/hash-gang.com\/fr\/chariot\/"]}]},{"@type":"BreadcrumbList","@id":"http:\/\/hash-gang.com\/fr\/chariot\/#breadcrumb","itemListElement":[{"@type":"ListItem","position":1,"name":"Home","item":"http:\/\/hash-gang.com\/fr\/"},{"@type":"ListItem","position":2,"name":"Chariot"}]},{"@type":"WebSite","@id":"https:\/\/hash-gang.com\/fr\/#website","url":"https:\/\/hash-gang.com\/fr\/","name":"Hash Gang","description":"In Hash We Trust","publisher":{"@id":"https:\/\/hash-gang.com\/fr\/#organization"},"potentialAction":[{"@type":"SearchAction","target":{"@type":"EntryPoint","urlTemplate":"https:\/\/hash-gang.com\/fr\/?s={search_term_string}"},"query-input":{"@type":"PropertyValueSpecification","valueRequired":true,"valueName":"search_term_string"}}],"inLanguage":"fr-FR"},{"@type":"Organization","@id":"https:\/\/hash-gang.com\/fr\/#organization","name":"Hash Gang","url":"https:\/\/hash-gang.com\/fr\/","logo":{"@type":"ImageObject","inLanguage":"fr-FR","@id":"https:\/\/hash-gang.com\/fr\/#\/schema\/logo\/image\/","url":"http:\/\/hash-gang.com\/wp-content\/uploads\/hg-logo-b.png","contentUrl":"http:\/\/hash-gang.com\/wp-content\/uploads\/hg-logo-b.png","width":424,"height":332,"caption":"Hash Gang"},"image":{"@id":"https:\/\/hash-gang.com\/fr\/#\/schema\/logo\/image\/"}}]}},"_links":{"self":[{"href":"http:\/\/hash-gang.com\/fr\/wp-json\/wp\/v2\/pages\/29504","targetHints":{"allow":["GET"]}}],"collection":[{"href":"http:\/\/hash-gang.com\/fr\/wp-json\/wp\/v2\/pages"}],"about":[{"href":"http:\/\/hash-gang.com\/fr\/wp-json\/wp\/v2\/types\/page"}],"author":[{"embeddable":true,"href":"http:\/\/hash-gang.com\/fr\/wp-json\/wp\/v2\/users\/1"}],"replies":[{"embeddable":true,"href":"http:\/\/hash-gang.com\/fr\/wp-json\/wp\/v2\/comments?post=29504"}],"version-history":[{"count":1,"href":"http:\/\/hash-gang.com\/fr\/wp-json\/wp\/v2\/pages\/29504\/revisions"}],"predecessor-version":[{"id":29507,"href":"http:\/\/hash-gang.com\/fr\/wp-json\/wp\/v2\/pages\/29504\/revisions\/29507"}],"wp:attachment":[{"href":"http:\/\/hash-gang.com\/fr\/wp-json\/wp\/v2\/media?parent=29504"}],"curies":[{"name":"wp","href":"https:\/\/api.w.org\/{rel}","templated":true}]}}