{"id":29993,"date":"2024-12-04T16:17:54","date_gmt":"2024-12-04T15:17:54","guid":{"rendered":"https:\/\/hash-gang.com\/zahlungsmethoden\/"},"modified":"2024-12-05T09:54:57","modified_gmt":"2024-12-05T08:54:57","slug":"zahlungsmethoden","status":"publish","type":"page","link":"http:\/\/hash-gang.com\/de\/zahlungsmethoden\/","title":{"rendered":"Zahlungsmethoden"},"content":{"rendered":"\n<h2 class=\"wp-block-heading\"><strong>Wir akzeptieren die wichtigsten Standard-Zahlungsmittel<\/strong><\/h2>\n\n<p>Visa, Mastercard, Twint<br\/>Postcard: Zahlung mit Postcard ohne zus\u00e4tzliche Kosten.<br\/>Bank\u00fcberweisung: Vorauszahlung per Bank\u00fcberweisung ohne zus\u00e4tzliche Kosten (es sei denn, Ihre Bank berechnet eine Geb\u00fchr f\u00fcr die Bank\u00fcberweisung).<\/p>\n\n<h2 class=\"wp-block-heading\"><strong>Sichere Zahlungen<\/strong><\/h2>\n\n<p>Das SSL-Zertifikat (EV SSL) bietet die h\u00f6chste Stufe der SSL-Sicherheit durch eine sehr starke Verschl\u00fcsselung, die es der Organisation hinter einer Website erm\u00f6glicht, ihre zuvor gepr\u00fcfte und best\u00e4tigte Identit\u00e4t den Internetnutzern anzuzeigen. Es garantiert den Besuchern einer Website, dass der Eigent\u00fcmer ein strenges Verifizierungsverfahren durchlaufen hat, um seine Identit\u00e4t zu best\u00e4tigen. Gem\u00e4\u00df den f\u00fcr diesen Prozess aufgestellten Regeln ist es erforderlich, nachzuweisen, dass der Eigent\u00fcmer einer Website das ausschlie\u00dfliche Recht hat, den Domainnamen zu nutzen, f\u00fcr den er ein EV SSL-Zertifikat beantragt, die rechtliche, physische und gesch\u00e4ftliche Existenz seiner Organisation zu best\u00e4tigen und nachzuweisen, dass die Entit\u00e4t die Ausstellung des Zertifikats genehmigt hat.<\/p>\n","protected":false},"excerpt":{"rendered":"<p>Wir akzeptieren die wichtigsten Standard-Zahlungsmittel Visa, Mastercard, TwintPostcard: Zahlung mit Postcard ohne zus\u00e4tzliche Kosten.Bank\u00fcberweisung: Vorauszahlung per Bank\u00fcberweisung ohne zus\u00e4tzliche Kosten (es sei denn, Ihre Bank berechnet eine Geb\u00fchr f\u00fcr die Bank\u00fcberweisung). Sichere Zahlungen Das SSL-Zertifikat (EV SSL) bietet die h\u00f6chste Stufe der SSL-Sicherheit durch eine sehr starke Verschl\u00fcsselung, die es der Organisation hinter einer Website [&hellip;]<\/p>\n","protected":false},"author":2,"featured_media":0,"parent":0,"menu_order":6,"comment_status":"closed","ping_status":"closed","template":"","meta":{"_monsterinsights_skip_tracking":false,"_monsterinsights_sitenote_active":false,"_monsterinsights_sitenote_note":"","_monsterinsights_sitenote_category":0,"footnotes":""},"class_list":["post-29993","page","type-page","status-publish","hentry"],"yoast_head":"<!-- This site is optimized with the Yoast SEO plugin v27.0 - https:\/\/yoast.com\/product\/yoast-seo-wordpress\/ -->\n<title>Zahlungsmethoden | Hash Gang<\/title>\n<meta name=\"description\" content=\"Wir akzeptieren die wichtigsten StandardzahlungsmittelVisa, Mastercard, TwintPostcard: Zahlung mit Postcard ohne zus\u00e4tzliche Kosten.\" \/>\n<meta name=\"robots\" content=\"index, follow, max-snippet:-1, max-image-preview:large, max-video-preview:-1\" \/>\n<link rel=\"canonical\" href=\"http:\/\/hash-gang.com\/de\/zahlungsmethoden\/\" \/>\n<meta property=\"og:locale\" content=\"de_DE\" \/>\n<meta property=\"og:type\" content=\"article\" \/>\n<meta property=\"og:title\" content=\"Zahlungsmethoden | Hash Gang\" \/>\n<meta property=\"og:description\" content=\"Wir akzeptieren die wichtigsten StandardzahlungsmittelVisa, Mastercard, TwintPostcard: Zahlung mit Postcard ohne zus\u00e4tzliche Kosten.\" \/>\n<meta property=\"og:url\" content=\"http:\/\/hash-gang.com\/de\/zahlungsmethoden\/\" \/>\n<meta property=\"og:site_name\" content=\"Hash Gang\" \/>\n<meta property=\"article:modified_time\" content=\"2024-12-05T08:54:57+00:00\" \/>\n<meta property=\"og:image\" content=\"http:\/\/hash-gang.com\/wp-content\/uploads\/hash-gang_bubble-hash_01.jpg\" \/>\n\t<meta property=\"og:image:width\" content=\"1920\" \/>\n\t<meta property=\"og:image:height\" content=\"1080\" \/>\n\t<meta property=\"og:image:type\" content=\"image\/jpeg\" \/>\n<meta name=\"twitter:card\" content=\"summary_large_image\" \/>\n<script type=\"application\/ld+json\" class=\"yoast-schema-graph\">{\"@context\":\"https:\/\/schema.org\",\"@graph\":[{\"@type\":\"WebPage\",\"@id\":\"http:\/\/hash-gang.com\/de\/zahlungsmethoden\/\",\"url\":\"http:\/\/hash-gang.com\/de\/zahlungsmethoden\/\",\"name\":\"Zahlungsmethoden | Hash Gang\",\"isPartOf\":{\"@id\":\"https:\/\/hash-gang.com\/de\/#website\"},\"datePublished\":\"2024-12-04T15:17:54+00:00\",\"dateModified\":\"2024-12-05T08:54:57+00:00\",\"description\":\"Wir akzeptieren die wichtigsten StandardzahlungsmittelVisa, Mastercard, TwintPostcard: Zahlung mit Postcard ohne zus\u00e4tzliche Kosten.\",\"breadcrumb\":{\"@id\":\"http:\/\/hash-gang.com\/de\/zahlungsmethoden\/#breadcrumb\"},\"inLanguage\":\"de\",\"potentialAction\":[{\"@type\":\"ReadAction\",\"target\":[\"http:\/\/hash-gang.com\/de\/zahlungsmethoden\/\"]}]},{\"@type\":\"BreadcrumbList\",\"@id\":\"http:\/\/hash-gang.com\/de\/zahlungsmethoden\/#breadcrumb\",\"itemListElement\":[{\"@type\":\"ListItem\",\"position\":1,\"name\":\"Home\",\"item\":\"http:\/\/hash-gang.com\/de\/\"},{\"@type\":\"ListItem\",\"position\":2,\"name\":\"Zahlungsmethoden\"}]},{\"@type\":\"WebSite\",\"@id\":\"https:\/\/hash-gang.com\/de\/#website\",\"url\":\"https:\/\/hash-gang.com\/de\/\",\"name\":\"Hash Gang\",\"description\":\"In Hash We Trust\",\"publisher\":{\"@id\":\"https:\/\/hash-gang.com\/de\/#organization\"},\"potentialAction\":[{\"@type\":\"SearchAction\",\"target\":{\"@type\":\"EntryPoint\",\"urlTemplate\":\"https:\/\/hash-gang.com\/de\/?s={search_term_string}\"},\"query-input\":{\"@type\":\"PropertyValueSpecification\",\"valueRequired\":true,\"valueName\":\"search_term_string\"}}],\"inLanguage\":\"de\"},{\"@type\":\"Organization\",\"@id\":\"https:\/\/hash-gang.com\/de\/#organization\",\"name\":\"Hash Gang\",\"url\":\"https:\/\/hash-gang.com\/de\/\",\"logo\":{\"@type\":\"ImageObject\",\"inLanguage\":\"de\",\"@id\":\"https:\/\/hash-gang.com\/de\/#\/schema\/logo\/image\/\",\"url\":\"http:\/\/hash-gang.com\/wp-content\/uploads\/hg-logo-b.png\",\"contentUrl\":\"http:\/\/hash-gang.com\/wp-content\/uploads\/hg-logo-b.png\",\"width\":424,\"height\":332,\"caption\":\"Hash Gang\"},\"image\":{\"@id\":\"https:\/\/hash-gang.com\/de\/#\/schema\/logo\/image\/\"}}]}<\/script>\n<!-- \/ Yoast SEO plugin. -->","yoast_head_json":{"title":"Zahlungsmethoden | Hash Gang","description":"Wir akzeptieren die wichtigsten StandardzahlungsmittelVisa, Mastercard, TwintPostcard: Zahlung mit Postcard ohne zus\u00e4tzliche Kosten.","robots":{"index":"index","follow":"follow","max-snippet":"max-snippet:-1","max-image-preview":"max-image-preview:large","max-video-preview":"max-video-preview:-1"},"canonical":"http:\/\/hash-gang.com\/de\/zahlungsmethoden\/","og_locale":"de_DE","og_type":"article","og_title":"Zahlungsmethoden | Hash Gang","og_description":"Wir akzeptieren die wichtigsten StandardzahlungsmittelVisa, Mastercard, TwintPostcard: Zahlung mit Postcard ohne zus\u00e4tzliche Kosten.","og_url":"http:\/\/hash-gang.com\/de\/zahlungsmethoden\/","og_site_name":"Hash Gang","article_modified_time":"2024-12-05T08:54:57+00:00","og_image":[{"width":1920,"height":1080,"url":"http:\/\/hash-gang.com\/wp-content\/uploads\/hash-gang_bubble-hash_01.jpg","type":"image\/jpeg"}],"twitter_card":"summary_large_image","schema":{"@context":"https:\/\/schema.org","@graph":[{"@type":"WebPage","@id":"http:\/\/hash-gang.com\/de\/zahlungsmethoden\/","url":"http:\/\/hash-gang.com\/de\/zahlungsmethoden\/","name":"Zahlungsmethoden | Hash Gang","isPartOf":{"@id":"https:\/\/hash-gang.com\/de\/#website"},"datePublished":"2024-12-04T15:17:54+00:00","dateModified":"2024-12-05T08:54:57+00:00","description":"Wir akzeptieren die wichtigsten StandardzahlungsmittelVisa, Mastercard, TwintPostcard: Zahlung mit Postcard ohne zus\u00e4tzliche Kosten.","breadcrumb":{"@id":"http:\/\/hash-gang.com\/de\/zahlungsmethoden\/#breadcrumb"},"inLanguage":"de","potentialAction":[{"@type":"ReadAction","target":["http:\/\/hash-gang.com\/de\/zahlungsmethoden\/"]}]},{"@type":"BreadcrumbList","@id":"http:\/\/hash-gang.com\/de\/zahlungsmethoden\/#breadcrumb","itemListElement":[{"@type":"ListItem","position":1,"name":"Home","item":"http:\/\/hash-gang.com\/de\/"},{"@type":"ListItem","position":2,"name":"Zahlungsmethoden"}]},{"@type":"WebSite","@id":"https:\/\/hash-gang.com\/de\/#website","url":"https:\/\/hash-gang.com\/de\/","name":"Hash Gang","description":"In Hash We Trust","publisher":{"@id":"https:\/\/hash-gang.com\/de\/#organization"},"potentialAction":[{"@type":"SearchAction","target":{"@type":"EntryPoint","urlTemplate":"https:\/\/hash-gang.com\/de\/?s={search_term_string}"},"query-input":{"@type":"PropertyValueSpecification","valueRequired":true,"valueName":"search_term_string"}}],"inLanguage":"de"},{"@type":"Organization","@id":"https:\/\/hash-gang.com\/de\/#organization","name":"Hash Gang","url":"https:\/\/hash-gang.com\/de\/","logo":{"@type":"ImageObject","inLanguage":"de","@id":"https:\/\/hash-gang.com\/de\/#\/schema\/logo\/image\/","url":"http:\/\/hash-gang.com\/wp-content\/uploads\/hg-logo-b.png","contentUrl":"http:\/\/hash-gang.com\/wp-content\/uploads\/hg-logo-b.png","width":424,"height":332,"caption":"Hash Gang"},"image":{"@id":"https:\/\/hash-gang.com\/de\/#\/schema\/logo\/image\/"}}]}},"_links":{"self":[{"href":"http:\/\/hash-gang.com\/de\/wp-json\/wp\/v2\/pages\/29993","targetHints":{"allow":["GET"]}}],"collection":[{"href":"http:\/\/hash-gang.com\/de\/wp-json\/wp\/v2\/pages"}],"about":[{"href":"http:\/\/hash-gang.com\/de\/wp-json\/wp\/v2\/types\/page"}],"author":[{"embeddable":true,"href":"http:\/\/hash-gang.com\/de\/wp-json\/wp\/v2\/users\/2"}],"replies":[{"embeddable":true,"href":"http:\/\/hash-gang.com\/de\/wp-json\/wp\/v2\/comments?post=29993"}],"version-history":[{"count":1,"href":"http:\/\/hash-gang.com\/de\/wp-json\/wp\/v2\/pages\/29993\/revisions"}],"predecessor-version":[{"id":29994,"href":"http:\/\/hash-gang.com\/de\/wp-json\/wp\/v2\/pages\/29993\/revisions\/29994"}],"wp:attachment":[{"href":"http:\/\/hash-gang.com\/de\/wp-json\/wp\/v2\/media?parent=29993"}],"curies":[{"name":"wp","href":"https:\/\/api.w.org\/{rel}","templated":true}]}}